{"id":17652,"date":"2021-03-26T20:48:55","date_gmt":"2021-03-26T18:48:55","guid":{"rendered":"https:\/\/dev.nordicplast.ee\/privacy-policy\/"},"modified":"2023-08-24T14:35:47","modified_gmt":"2023-08-24T11:35:47","slug":"privacy-policy","status":"publish","type":"page","link":"https:\/\/nordicplast.ee\/en\/privacy-policy\/","title":{"rendered":"Privacy Policy"},"content":{"rendered":"<div class=\"wpb-content-wrapper\"><p>[vc_row][vc_column width=&#8221;1\/2&#8243;][vc_column_text]<strong>Internetimaailma igap\u00e4evaseks osaks on saanud k\u00fcpsiste kasutamine v\u00f5rgulehtedel. Samas on k\u00fcpsiste kasutamine loonud v\u00f5imaluse kasutaja teadmata t\u00f5siselt sekkuda kasutajate eraellu.<\/strong><\/p>\n<p>Euroopa \u00f5igusruumis reguleerib k\u00fcpsiste kasutamist andmekaitsedirektiiv 95\/46\/E\u00dc, e-andmekaitsedirektiiv 2002\/58\/E\u00dc. Samuti on k\u00fcpsiste kasutamisega seonduvalt avaldanud arvamuse Euroopa andmekaitseasutuste t\u00f6\u00f6r\u00fchm.<\/p>\n<p>Andmekaitse Inspektsioon on koostanud selgitava materjali, mille eesm\u00e4rk on anda \u00fclevaade k\u00fcpsistest, mis need on, milleks neid kasutatakse ja mida saab kasutaja ise ette v\u00f5tta, et k\u00fcpsiste kasutamist piirata v\u00f5i k\u00fcpsiste kasutamisest \u00fcldse loobuda.<\/p>\n<h2><span class=\"caps\">K\u00dcPSISED<\/span><\/h2>\n<p>K\u00fcpsis (cookie) on v\u00e4ikesemahuline tekstifail, mille veebiserver saadab kasutaja veebilehitsejale ja mis salvestatakse kasutaja arvuti k\u00f5vakettale.<\/p>\n<p>K\u00fcpsised kuuluvad nn hallvara hulka, mis ei ole ohtlik, aga v\u00f5ib kasutajale siiski ebamugavusi tekitada. Sellep\u00e4rast anal\u00fc\u00fcsivad viiruset\u00f5rjeprogrammid lisaks viirustele ka k\u00fcpsiseid ja pakuvad kasutajale v\u00f5imalust ise otsustada, millised k\u00fcpsised alles j\u00e4tta ja millised kustutada.<\/p>\n<p>K\u00fcpsised ise kasutaja arvutist informatsiooni ei loe ega internetiavarustesse ei saada. K\u00fcll aga v\u00f5idakse k\u00fcpsiste abil kogutud informatsiooni m\u00fc\u00fca kolmandatele osapooltele. P\u00e4rast aga hakkab kasutaja saama turunduslikke kommertsteadaandeid.<\/p>\n<h2 class=\"content-right sub\"><span class=\"caps\">K\u00dcPSISTE EESM\u00c4RK<\/span><\/h2>\n<p>V\u00f5rgulehed kasutavad k\u00fcpsiseid, et pakkuda kasutajatele isikup\u00e4rasemat kasutuskogemust ja mugavamat v\u00f5rgulehel navigeerimist. N\u00e4iteks v\u00f5imaldavad k\u00fcpsised v\u00f5rgulehel meelde j\u00e4tta kasutaja eelistusi (keele valik) v\u00f5i j\u00e4tta vahele igakordne v\u00f5rgulehele sisselogimine. \u00dcldjuhul kasutatakse k\u00fcpsiseid statistiliste andmete kogumiseks, j\u00e4lgides kasutajate eelistusi v\u00f5rgulehtede k\u00fclastamisel. Kasutajale see otsest ohtu ei kujuta, kuid isikuandmete kaitse seisukohalt v\u00f5ib sellist tegevust nimetada isiku privaatsuse rikkumiseks. Seda juhul, kui v\u00f5rgulehel pole k\u00fcpsiste kasutamisele viitavat teavitust. V\u00f5rgulehtede haldajad on kohustatud v\u00f5rgulehel esitama selge ja arusaadava teabe, millist t\u00fc\u00fcpi k\u00fcpsiseid nende v\u00f5rguleht kasutab ja mis eesm\u00e4rgil. Nii saab kasutaja ise otsustada, kas ja millised k\u00fcpsised ta lubab v\u00f5i keelab.<\/p>\n<h2><span class=\"caps\">K\u00dcPSISTE T\u00dc\u00dcBID<\/span><\/h2>\n<h3>P\u00f5hiolemuselt jagunevad k\u00fcpsised kaheks:<\/h3>\n<p>Ajutised ehk seansi k\u00fcpsised kustutab arvuti p\u00e4rast veebilehitseja sulgemist. Ajutisi k\u00fcpsiseid kasutatakse n\u00e4iteks v\u00f5rgulehe keelevaliku meeldej\u00e4tmiseks.<br \/>\nP\u00fcsik\u00fcpsised salvestuvad kasutaja arvutisse p\u00e4rast veebilehitseja sulgemist. V\u00f5rgulehed kasutavad neid n\u00e4iteks kasutajanime ja parooli salvestamiseks nii, et kasutaja ei pea kindlat v\u00f5rgulehte k\u00fclastades iga kord sisse logima. P\u00fcsik\u00fcpsised v\u00f5ivad j\u00e4\u00e4da kasutaja arvutisse p\u00e4evadeks, kuudeks v\u00f5i isegi aastateks.<\/p>\n<h3>K\u00fcpsiste kuuluvuse vaates jagatakse k\u00fcpsised:<\/h3>\n<p>Autori ehk esimese osapoole k\u00fcpsised, mis p\u00e4rinevad vaadatavalt v\u00f5rgulehelt ja v\u00f5ivad olla nii p\u00fcsivad kui ka ajutised. V\u00f5rgulehed v\u00f5ivad nende k\u00fcpsiste abil salvestada teavet, mida taaskasutatakse j\u00e4rgmisel korral, kui lehte k\u00fclastatakse. Isikuandmete t\u00f6\u00f6tlemise seisukohalt on esimese osapoole k\u00fcpsise paigaldajaks vastutav t\u00f6\u00f6tleja (v\u00f5i \u00fcksk\u00f5ik milline tema volitatud t\u00f6\u00f6tleja), kes haldab k\u00fclastatavat v\u00f5rgulehte.<\/p>\n<p>Kolmandate osapoolte k\u00fcpsised, mis p\u00e4rinevad n\u00e4iteks teiste v\u00f5rgulehtede reklaamidelt, mis asuvad kasutaja poolt k\u00fclastataval v\u00f5rgulehel. Isikuandmete t\u00f6\u00f6tlemise seisukohalt on kolmanda osapoole k\u00fcpsise paigaldajaks vastutav t\u00f6\u00f6tleja, kes erineb k\u00fclastatava v\u00f5rgulehe haldajast.[\/vc_column_text][\/vc_column][vc_column width=&#8221;1\/2&#8243;][vc_column_text]<\/p>\n<div class=\"content-right sub\">\n<h3>Spetsiifiliselt jagatakse k\u00fcpsised veel:<\/h3>\n<p>Tehnilised k\u00fcpsised, mis on vajalikud, et kasutaja saaks v\u00f5rgulehel \u00fcldse navigeerida ja v\u00f5rgulehe funktsioone kasutada.<\/p>\n<p>Anal\u00fc\u00fctilised k\u00fcpsised, mis koguvad teavet selle kohta, kuidas v\u00f5rgulehte kasutatakse. N\u00e4iteks, milliseid v\u00f5rgulehti k\u00fclastatakse k\u00f5ige enam ja kas kasutajad saavad v\u00f5rgulehtedelt veateateid. Need k\u00fcpsised ei kogu teavet, mis v\u00f5imaldaks v\u00f5rgulehe kasutajat otseselt tuvastada. K\u00fcll aga v\u00f5ib arvutikasutuse anal\u00fc\u00fctiline j\u00e4lgimine viia kasutaja kaudse tuvastamiseni.<\/p>\n<p>Autentimise k\u00fcpsised, mis v\u00f5imaldavad v\u00f5rgulehel meeles pidada kasutaja tehtud valikuid (n\u00e4iteks nimi, keel v\u00f5i piirkond). Neid k\u00fcpsiseid kasutavad v\u00f5rgulehed n\u00e4iteks sisselogitud kasutaja identifitseerimiseks (internetipanganduse v\u00f5rgulehel), kasutajad saavad end j\u00e4rjestikuste v\u00f5rgulehtede k\u00fclastuste k\u00e4igus autentida ning ligi p\u00e4\u00e4seda sisule, nagu konto saldo, \u00fclekanded jne. Autentimise k\u00fcpsised on enamasti ajutised k\u00fcpsised.<\/p>\n<p>Reklaamik\u00fcpsised, mida v\u00f5rgulehed kasutavad kasutaja huvidele sihitud reklaamide pakkumiseks. K\u00fcpsised reguleerivad, mitu korda kasutaja konkreetset reklaami n\u00e4eb ning aitavad \u00fchtlasi m\u00f5\u00f5ta reklaamikampaania t\u00f5husust.<\/p>\n<p>Multimeedia esitamiseks kasutatavad k\u00fcpsised, mis salvestavad video- v\u00f5i audiomaterjali esitamiseks vajalikku tehnilist teavet, nagu kujutise kvaliteet, v\u00f5rgu\u00fchenduse kiirus ja puhverdamise parameetrid. Sellised multimeedia k\u00fcpsised on \u00fcldiselt tuntud kui flash k\u00fcpsised, kuna t\u00e4nap\u00e4eval enim kasutatud interneti videotehnoloogia on Adobe Flash. Kuna multimeedia esitamine on \u00fcldjuhul ajutise iseloomuga, peaksid need k\u00fcpsised seansi l\u00f5ppedes aeguma.<\/p>\n<h3>Suhtluspluginate k\u00fcpsised sisu jagamiseks<\/h3>\n<p>Mitmed sotsiaalv\u00f5rgustikud pakuvad suhtluspluginate mooduleid (social plug-in modules), mida v\u00f5rgulehtede haldajad v\u00f5ivad v\u00f5rgulehe teenusloogikasse kohaldada. Nende moodulite abil saavad sotsiaalv\u00f5rgustike kasutajad jagada neile meelep\u00e4rast sisu oma s\u00f5pradega. Sellised pluginad salvestavad k\u00fcpsised kasutaja l\u00f5ppseadmesse ning omavad neile juurdep\u00e4\u00e4su, et sotsiaalv\u00f5rgustik saaks tuvastada oma liikmeid, kes selliste pluginatega suhtlevad.<\/p>\n<h2><span class=\"caps\">K\u00dcPSISTE KASUTAMISE PIIRAMINE V\u00d5I T\u00c4IELIK LOOBUMINE<\/span><\/h2>\n<p>Arvutikasutaja saab ka ise rakendada ennetavaid meetmeid, et v\u00e4ltida k\u00fcpsiste salvestamist tema arvutisse. Selleks tuleb kasutajal muuta veebilehitseja privaatsusseadeid. K\u00f5ikide k\u00fcpsiste blokeerimine v\u00f5ib k\u00fcll aidata kasutaja privaatsust kaitsta, kuid samas piirata ka m\u00f5ne v\u00f5rgulehe kasutusv\u00f5imalusi.<\/p>\n<p>Kasutaja v\u00f5ib alustada sellest, et blokeerib veebilehitsejas k\u00f5ikide k\u00fcpsiste kasutamise ja edaspidise kasutuskogemuse p\u00f5hjal lubab k\u00fcpsised ainult nendele v\u00f5rgulehtedele, mida ta usaldab.<\/p>\n<p>J\u00e4rgnevad viited juhendavad, kuidas kasutaja saab h\u00e4\u00e4lestada enamlevinud veebilehitsejaid k\u00fcpsiste ja turvaseadete osas:<\/p>\n<p><a href=\"https:\/\/support.microsoft.com\/en-us\/topic\/how-to-delete-cookie-files-in-internet-explorer-bca9446f-d873-78de-77ba-d42645fa52fc\" target=\"_blank\" rel=\"noopener\">Internet Explorer<\/a><br \/>\n<a href=\"https:\/\/support.google.com\/chrome\/answer\/95647?hl=en\" target=\"_blank\" rel=\"noopener\">Chrome<\/a><br \/>\n<a href=\"https:\/\/support.mozilla.org\/en-US\/kb\/delete-browsing-search-download-history-firefox?redirectslug=Clear+Recent+History&amp;redirectlocale=en-US\" target=\"_blank\" rel=\"noopener\">Firefox<\/a><br \/>\n<a href=\"https:\/\/help.opera.com\/en\/latest\/web-preferences\/#cookies\" target=\"_blank\" rel=\"noopener\">Opera<\/a><br \/>\n<a href=\"https:\/\/support.apple.com\/en-gb\/guide\/safari\/sfri11471\/mac\" target=\"_blank\" rel=\"noopener\">Safari<\/a><\/p>\n<\/div>\n<p>[\/vc_column_text][\/vc_column][\/vc_row]<\/p>\n<\/div>","protected":false},"excerpt":{"rendered":"<p>[vc_row][vc_column width=&#8221;1\/2&#8243;][vc_column_text]Internetimaailma igap\u00e4evaseks osaks on saanud k\u00fcpsiste kasutamine v\u00f5rgulehtedel. Samas on k\u00fcpsiste kasutamine loonud v\u00f5imaluse kasutaja teadmata t\u00f5siselt sekkuda kasutajate eraellu. Euroopa \u00f5igusruumis reguleerib k\u00fcpsiste kasutamist andmekaitsedirektiiv 95\/46\/E\u00dc, e-andmekaitsedirektiiv 2002\/58\/E\u00dc. Samuti on k\u00fcpsiste kasutamisega seonduvalt avaldanud arvamuse Euroopa andmekaitseasutuste t\u00f6\u00f6r\u00fchm. Andmekaitse Inspektsioon on koostanud selgitava materjali, mille eesm\u00e4rk on anda \u00fclevaade k\u00fcpsistest, mis need on, [&hellip;]<\/p>\n","protected":false},"author":1,"featured_media":0,"parent":0,"menu_order":0,"comment_status":"closed","ping_status":"closed","template":"","meta":{"footnotes":""},"class_list":["post-17652","page","type-page","status-publish","hentry"],"yoast_head":"<!-- This site is optimized with the Yoast SEO plugin v26.6 - https:\/\/yoast.com\/wordpress\/plugins\/seo\/ -->\n<title>Privacy Policy - Nordic Plast<\/title>\n<meta name=\"description\" content=\"Nordicplast.ee uses cookies in accordance with respective regulation. You can find out more about these cookies and their usage in our privacy policy.\" \/>\n<meta name=\"robots\" content=\"index, follow, max-snippet:-1, max-image-preview:large, max-video-preview:-1\" \/>\n<link rel=\"canonical\" href=\"https:\/\/nordicplast.ee\/en\/privacy-policy\/\" \/>\n<meta property=\"og:locale\" content=\"en_US\" \/>\n<meta property=\"og:type\" content=\"article\" \/>\n<meta property=\"og:title\" content=\"Privacy Policy - Nordic Plast\" \/>\n<meta property=\"og:description\" content=\"Nordicplast.ee uses cookies in accordance with respective regulation. You can find out more about these cookies and their usage in our privacy policy.\" \/>\n<meta property=\"og:url\" content=\"https:\/\/nordicplast.ee\/en\/privacy-policy\/\" \/>\n<meta property=\"og:site_name\" content=\"Nordic Plast\" \/>\n<meta property=\"article:modified_time\" content=\"2023-08-24T11:35:47+00:00\" \/>\n<meta property=\"og:image\" content=\"https:\/\/nordicplast.ee\/wp-content\/uploads\/2021\/03\/NP_Logo_New2.png\" \/>\n\t<meta property=\"og:image:width\" content=\"3398\" \/>\n\t<meta property=\"og:image:height\" content=\"300\" \/>\n\t<meta property=\"og:image:type\" content=\"image\/png\" \/>\n<meta name=\"twitter:card\" content=\"summary_large_image\" \/>\n<meta name=\"twitter:label1\" content=\"Est. reading time\" \/>\n\t<meta name=\"twitter:data1\" content=\"5 minutes\" \/>\n<script type=\"application\/ld+json\" class=\"yoast-schema-graph\">{\"@context\":\"https:\/\/schema.org\",\"@graph\":[{\"@type\":\"WebPage\",\"@id\":\"https:\/\/nordicplast.ee\/en\/privacy-policy\/\",\"url\":\"https:\/\/nordicplast.ee\/en\/privacy-policy\/\",\"name\":\"Privacy Policy - Nordic Plast\",\"isPartOf\":{\"@id\":\"https:\/\/nordicplast.ee\/en\/#website\"},\"datePublished\":\"2021-03-26T18:48:55+00:00\",\"dateModified\":\"2023-08-24T11:35:47+00:00\",\"description\":\"Nordicplast.ee uses cookies in accordance with respective regulation. You can find out more about these cookies and their usage in our privacy policy.\",\"breadcrumb\":{\"@id\":\"https:\/\/nordicplast.ee\/en\/privacy-policy\/#breadcrumb\"},\"inLanguage\":\"en-US\",\"potentialAction\":[{\"@type\":\"ReadAction\",\"target\":[\"https:\/\/nordicplast.ee\/en\/privacy-policy\/\"]}]},{\"@type\":\"BreadcrumbList\",\"@id\":\"https:\/\/nordicplast.ee\/en\/privacy-policy\/#breadcrumb\",\"itemListElement\":[{\"@type\":\"ListItem\",\"position\":1,\"name\":\"Home\",\"item\":\"https:\/\/nordicplast.ee\/en\/home\/\"},{\"@type\":\"ListItem\",\"position\":2,\"name\":\"Privacy Policy\"}]},{\"@type\":\"WebSite\",\"@id\":\"https:\/\/nordicplast.ee\/en\/#website\",\"url\":\"https:\/\/nordicplast.ee\/en\/\",\"name\":\"Nordic Plast\",\"description\":\"\",\"publisher\":{\"@id\":\"https:\/\/nordicplast.ee\/en\/#organization\"},\"potentialAction\":[{\"@type\":\"SearchAction\",\"target\":{\"@type\":\"EntryPoint\",\"urlTemplate\":\"https:\/\/nordicplast.ee\/en\/?s={search_term_string}\"},\"query-input\":{\"@type\":\"PropertyValueSpecification\",\"valueRequired\":true,\"valueName\":\"search_term_string\"}}],\"inLanguage\":\"en-US\"},{\"@type\":\"Organization\",\"@id\":\"https:\/\/nordicplast.ee\/en\/#organization\",\"name\":\"O\u00dc Nordic Plast\",\"url\":\"https:\/\/nordicplast.ee\/en\/\",\"logo\":{\"@type\":\"ImageObject\",\"inLanguage\":\"en-US\",\"@id\":\"https:\/\/nordicplast.ee\/en\/#\/schema\/logo\/image\/\",\"url\":\"https:\/\/nordicplast.ee\/wp-content\/uploads\/2021\/03\/NP_Logo_New2.png\",\"contentUrl\":\"https:\/\/nordicplast.ee\/wp-content\/uploads\/2021\/03\/NP_Logo_New2.png\",\"width\":3398,\"height\":300,\"caption\":\"O\u00dc Nordic Plast\"},\"image\":{\"@id\":\"https:\/\/nordicplast.ee\/en\/#\/schema\/logo\/image\/\"},\"sameAs\":[\"https:\/\/www.linkedin.com\/company\/nordic-plast\/\"]}]}<\/script>\n<!-- \/ Yoast SEO plugin. -->","yoast_head_json":{"title":"Privacy Policy - Nordic Plast","description":"Nordicplast.ee uses cookies in accordance with respective regulation. You can find out more about these cookies and their usage in our privacy policy.","robots":{"index":"index","follow":"follow","max-snippet":"max-snippet:-1","max-image-preview":"max-image-preview:large","max-video-preview":"max-video-preview:-1"},"canonical":"https:\/\/nordicplast.ee\/en\/privacy-policy\/","og_locale":"en_US","og_type":"article","og_title":"Privacy Policy - Nordic Plast","og_description":"Nordicplast.ee uses cookies in accordance with respective regulation. You can find out more about these cookies and their usage in our privacy policy.","og_url":"https:\/\/nordicplast.ee\/en\/privacy-policy\/","og_site_name":"Nordic Plast","article_modified_time":"2023-08-24T11:35:47+00:00","og_image":[{"width":3398,"height":300,"url":"https:\/\/nordicplast.ee\/wp-content\/uploads\/2021\/03\/NP_Logo_New2.png","type":"image\/png"}],"twitter_card":"summary_large_image","twitter_misc":{"Est. reading time":"5 minutes"},"schema":{"@context":"https:\/\/schema.org","@graph":[{"@type":"WebPage","@id":"https:\/\/nordicplast.ee\/en\/privacy-policy\/","url":"https:\/\/nordicplast.ee\/en\/privacy-policy\/","name":"Privacy Policy - Nordic Plast","isPartOf":{"@id":"https:\/\/nordicplast.ee\/en\/#website"},"datePublished":"2021-03-26T18:48:55+00:00","dateModified":"2023-08-24T11:35:47+00:00","description":"Nordicplast.ee uses cookies in accordance with respective regulation. You can find out more about these cookies and their usage in our privacy policy.","breadcrumb":{"@id":"https:\/\/nordicplast.ee\/en\/privacy-policy\/#breadcrumb"},"inLanguage":"en-US","potentialAction":[{"@type":"ReadAction","target":["https:\/\/nordicplast.ee\/en\/privacy-policy\/"]}]},{"@type":"BreadcrumbList","@id":"https:\/\/nordicplast.ee\/en\/privacy-policy\/#breadcrumb","itemListElement":[{"@type":"ListItem","position":1,"name":"Home","item":"https:\/\/nordicplast.ee\/en\/home\/"},{"@type":"ListItem","position":2,"name":"Privacy Policy"}]},{"@type":"WebSite","@id":"https:\/\/nordicplast.ee\/en\/#website","url":"https:\/\/nordicplast.ee\/en\/","name":"Nordic Plast","description":"","publisher":{"@id":"https:\/\/nordicplast.ee\/en\/#organization"},"potentialAction":[{"@type":"SearchAction","target":{"@type":"EntryPoint","urlTemplate":"https:\/\/nordicplast.ee\/en\/?s={search_term_string}"},"query-input":{"@type":"PropertyValueSpecification","valueRequired":true,"valueName":"search_term_string"}}],"inLanguage":"en-US"},{"@type":"Organization","@id":"https:\/\/nordicplast.ee\/en\/#organization","name":"O\u00dc Nordic Plast","url":"https:\/\/nordicplast.ee\/en\/","logo":{"@type":"ImageObject","inLanguage":"en-US","@id":"https:\/\/nordicplast.ee\/en\/#\/schema\/logo\/image\/","url":"https:\/\/nordicplast.ee\/wp-content\/uploads\/2021\/03\/NP_Logo_New2.png","contentUrl":"https:\/\/nordicplast.ee\/wp-content\/uploads\/2021\/03\/NP_Logo_New2.png","width":3398,"height":300,"caption":"O\u00dc Nordic Plast"},"image":{"@id":"https:\/\/nordicplast.ee\/en\/#\/schema\/logo\/image\/"},"sameAs":["https:\/\/www.linkedin.com\/company\/nordic-plast\/"]}]}},"_links":{"self":[{"href":"https:\/\/nordicplast.ee\/en\/wp-json\/wp\/v2\/pages\/17652","targetHints":{"allow":["GET"]}}],"collection":[{"href":"https:\/\/nordicplast.ee\/en\/wp-json\/wp\/v2\/pages"}],"about":[{"href":"https:\/\/nordicplast.ee\/en\/wp-json\/wp\/v2\/types\/page"}],"author":[{"embeddable":true,"href":"https:\/\/nordicplast.ee\/en\/wp-json\/wp\/v2\/users\/1"}],"replies":[{"embeddable":true,"href":"https:\/\/nordicplast.ee\/en\/wp-json\/wp\/v2\/comments?post=17652"}],"version-history":[{"count":40,"href":"https:\/\/nordicplast.ee\/en\/wp-json\/wp\/v2\/pages\/17652\/revisions"}],"predecessor-version":[{"id":20231,"href":"https:\/\/nordicplast.ee\/en\/wp-json\/wp\/v2\/pages\/17652\/revisions\/20231"}],"wp:attachment":[{"href":"https:\/\/nordicplast.ee\/en\/wp-json\/wp\/v2\/media?parent=17652"}],"curies":[{"name":"wp","href":"https:\/\/api.w.org\/{rel}","templated":true}]}}