{"id":18218,"date":"2021-04-06T01:03:17","date_gmt":"2021-04-05T22:03:17","guid":{"rendered":"https:\/\/nordicplast.ee\/tietosuojakaytanto\/"},"modified":"2023-08-24T14:38:35","modified_gmt":"2023-08-24T11:38:35","slug":"tietosuojakaytanto","status":"publish","type":"page","link":"https:\/\/nordicplast.ee\/fi\/tietosuojakaytanto\/","title":{"rendered":"Tietosuojak\u00e4yt\u00e4nt\u00f6"},"content":{"rendered":"<div class=\"wpb-content-wrapper\"><p>[vc_row][vc_column width=&#8221;1\/2&#8243;][vc_column_text]<strong>Ev\u00e4steiden k\u00e4ytt\u00f6 sivustoilla on tavallista. Ev\u00e4steiden avulla voidaan kuitenkin puuttua k\u00e4ytt\u00e4jien yksityisyyteen miltei huomaamatta.<\/strong><\/p>\n<p>Euroopassa ev\u00e4steiden k\u00e4ytt\u00f6\u00e4 s\u00e4\u00e4ntelee tietosuojadirektiivi 95\/46\/EY ja s\u00e4hk\u00f6isen viestinn\u00e4n tietosuojadirektiivi 2002\/58\/EY. My\u00f6s Euroopan tietosuojavirastojen ty\u00f6ryhm\u00e4 on antanut lausunnon ev\u00e4steiden k\u00e4yt\u00f6st\u00e4.<\/p>\n<p>Tietosuojavirasto on laatinut my\u00f6s ohjeet, joiden tavoitteena on kertoa ev\u00e4steist\u00e4, ev\u00e4steiden k\u00e4ytt\u00f6tarkoituksista ja kertoa, mit\u00e4 k\u00e4ytt\u00e4j\u00e4 voi itse tehd\u00e4 rajoittaakseen ev\u00e4steiden k\u00e4ytt\u00f6\u00e4 tai est\u00e4\u00e4kseen niiden k\u00e4yt\u00f6n kokonaan.<\/p>\n<h2><span class=\"caps\">EV\u00c4STEET<\/span><\/h2>\n<p>Ev\u00e4ste (englanniksi \u201dcookie\u201d) on pieni tekstitiedosto, jonka verkkopalvelin l\u00e4hett\u00e4\u00e4 k\u00e4ytt\u00e4j\u00e4n verkkoselaimeen, ja joka tallennetaan k\u00e4ytt\u00e4j\u00e4n laitteen kovalevylle.<\/p>\n<p>Ev\u00e4steet ovat ns. harmaita ohjelmistoja, jotka eiv\u00e4t ole vaarallisia, mutta joiden k\u00e4ytt\u00f6 voi olla k\u00e4ytt\u00e4j\u00e4lle ep\u00e4miellytt\u00e4v\u00e4\u00e4. Siksi virustorjuntaohjelmat analysoivat aina my\u00f6s ev\u00e4steet ja antavat k\u00e4ytt\u00e4j\u00e4lle mahdollisuuden p\u00e4\u00e4tt\u00e4\u00e4 itse, millaiset ev\u00e4steet hyv\u00e4ksyt\u00e4\u00e4n ja millaiset ev\u00e4steet poistetaan.<\/p>\n<p>Ev\u00e4steet eiv\u00e4t itse ker\u00e4\u00e4 tietoa k\u00e4ytt\u00e4j\u00e4n tietokoneelta tai l\u00e4het\u00e4 n\u00e4it\u00e4 tietoja muualle internettiin. Ev\u00e4steiden avulla ker\u00e4ttyj\u00e4 tietoja voidaan kuitenkin myyd\u00e4 kolmansille osapuolille. Jos n\u00e4in tehd\u00e4\u00e4n, k\u00e4ytt\u00e4j\u00e4 alkaa saada kaupallisia tiedotteita.<\/p>\n<h2 class=\"content-right sub\"><span class=\"caps\">EV\u00c4STEIDEN TAVOITTEET<\/span><\/h2>\n<p>Sivustot k\u00e4ytt\u00e4v\u00e4t ev\u00e4steit\u00e4 tarjotakseen k\u00e4ytt\u00e4j\u00e4lle yksil\u00f6llisemm\u00e4n k\u00e4ytt\u00f6kokemuksen ja helpottaakseen sivustolla liikkumista. Ev\u00e4steet voivat esimerkiksi tallentaa k\u00e4ytt\u00e4j\u00e4n mieltymykset (kielivalinta) tai auttaa kirjautumaan sivustolle automaattisesti. Yleens\u00e4 ev\u00e4steit\u00e4 k\u00e4ytet\u00e4\u00e4n tilastotietojen ker\u00e4\u00e4miseen ja samalla seurataan k\u00e4ytt\u00e4jien sivustoilla vierailuun liittyvi\u00e4 mieltymyksi\u00e4. T\u00e4m\u00e4 ei ole varsinaisesti vaarallista k\u00e4ytt\u00e4jille, mutta sen voidaan katsoa rikkovan henkil\u00f6n yksityisyytt\u00e4 henkil\u00f6tietojen suojaamisen n\u00e4k\u00f6kulmasta. N\u00e4in tapahtuu silloin, kun sivustolla ei ole ilmoiteta ev\u00e4steiden k\u00e4yt\u00f6st\u00e4. Sivustojen yll\u00e4pit\u00e4jien on julkaistava sivustoillaan selke\u00e4 ja ymm\u00e4rrett\u00e4v\u00e4 ilmoitus kyseisell\u00e4 sivustolla k\u00e4ytett\u00e4vist\u00e4 ev\u00e4steist\u00e4 ja niiden k\u00e4ytt\u00f6tarkoituksista. N\u00e4in k\u00e4ytt\u00e4j\u00e4 voi itse p\u00e4\u00e4tt\u00e4\u00e4 hyv\u00e4ksyyk\u00f6 h\u00e4n ev\u00e4steiden k\u00e4yt\u00f6n, ja millaiset ev\u00e4steet sallitaan ja millaiset ev\u00e4steet kiellet\u00e4\u00e4n.<\/p>\n<h2><span class=\"caps\">EV\u00c4STETYYPIT<\/span><\/h2>\n<h3>Ev\u00e4steet voidaan periaatteessa jakaa kahteen ryhm\u00e4\u00e4n:<\/h3>\n<p>V\u00e4liaikaiset eli istuntoev\u00e4steet poistetaan tietokoneelta selaimen sulkemisen j\u00e4lkeen. V\u00e4liaikaisia ev\u00e4steit\u00e4 k\u00e4ytet\u00e4\u00e4n esimerkiksi sivuston kielivalintojen tallentamiseen.<br \/>\nPysyv\u00e4t ev\u00e4steet tallentuvat k\u00e4ytt\u00e4j\u00e4n tietokoneelle selaimen sulkemisen j\u00e4lkeen. Sivustot k\u00e4ytt\u00e4v\u00e4t t\u00e4llaisia ev\u00e4steit\u00e4 muun muassa k\u00e4ytt\u00e4j\u00e4nimien ja salasanojen tallentamiseen, jotta k\u00e4ytt\u00e4j\u00e4n ei sivustolle saapuessaan tarvitse aina kirjautua uudelleen. Pysyv\u00e4t ev\u00e4steet voivat s\u00e4ily\u00e4 tietokoneella p\u00e4ivi\u00e4, kuukausia tai jopa vuosia.<\/p>\n<h3>Ev\u00e4steiden omistajan mukaan ev\u00e4steet voidaan jakaa seuraaviin ryhmiin:<\/h3>\n<p>Ensimm\u00e4isen osapuolen ev\u00e4steet ovat per\u00e4isin parhaillaan k\u00e4yt\u00f6ss\u00e4 olevalta sivustolta. N\u00e4m\u00e4 ev\u00e4steet voivat olla pysyvi\u00e4 tai v\u00e4liaikaisia. N\u00e4iden ev\u00e4steiden avulla sivustot voivat tallentaa tietoa, jota k\u00e4ytet\u00e4\u00e4n uudelleen sivustolle palattaessa. Henkil\u00f6tietojen k\u00e4sittelyn n\u00e4k\u00f6kulmasta ensimm\u00e4isen osapuolen ev\u00e4steet tallentaa rekisterinpit\u00e4j\u00e4 (tai kuka tahansa rekisterinpit\u00e4j\u00e4n valtuuttama henkil\u00f6tietojen k\u00e4sittelij\u00e4), joka yll\u00e4pit\u00e4\u00e4 kyseist\u00e4 sivustoa.<\/p>\n<p>Kolmansien osapuolten ev\u00e4steet, jotka ovat per\u00e4isin esimerkiksi sivustolla kuvattavista muiden sivustojen mainoksista. Henkil\u00f6tietojen k\u00e4sittelyn n\u00e4k\u00f6kulmasta t\u00e4llaiset ev\u00e4steet tallentaa rekisterinpit\u00e4j\u00e4, eik\u00e4 sivuston yll\u00e4pit\u00e4j\u00e4 ole t\u00e4ss\u00e4 tapauksessa rekisterinpit\u00e4j\u00e4.[\/vc_column_text][\/vc_column][vc_column width=&#8221;1\/2&#8243;][vc_column_text]<\/p>\n<div class=\"content-right sub\">\n<h3>Ev\u00e4steet voidaan jakaa my\u00f6s seuraaviin alaryhmiin:<\/h3>\n<p>Tekniset ev\u00e4steet, joita tarvitaan sivustolla liikkumiseen ja toimintojen k\u00e4ytt\u00f6\u00f6n.<\/p>\n<p>Analyyttiset ev\u00e4steet, jotka ker\u00e4\u00e4v\u00e4t tietoa sivuston k\u00e4yt\u00f6st\u00e4. Esimerkiksi millaisilla sivustoilla vieraillaan eniten ja saavatko k\u00e4ytt\u00e4j\u00e4t vikailmoituksia n\u00e4ilt\u00e4 sivustoilta. T\u00e4llaiset ev\u00e4steet eiv\u00e4t varsinaisesti ker\u00e4\u00e4 sivuston k\u00e4ytt\u00e4j\u00e4n tunnistamisen mahdollistavaa tietoa. Tietokoneen k\u00e4yt\u00f6n analyyttinen seuranta voi kuitenkin johtaa henkil\u00f6n ep\u00e4suoraan tunnistamiseen.<\/p>\n<p>Varmentamiseen k\u00e4ytett\u00e4v\u00e4t ev\u00e4steet auttavat sivustoa muistamaan k\u00e4ytt\u00e4j\u00e4n tekem\u00e4t valinnat (esimerkiksi nimi, kieli tai alue). Sivustot k\u00e4ytt\u00e4v\u00e4t t\u00e4llaisia ev\u00e4steit\u00e4 esimerkiksi palveluun kirjautuneen k\u00e4ytt\u00e4j\u00e4n tunnistamiseen (verkkopankit), ja k\u00e4ytt\u00e4j\u00e4t voivat varmentaa henkil\u00f6llisyytens\u00e4 sivustoilla k\u00e4ydess\u00e4\u00e4n ja p\u00e4\u00e4st\u00e4 sen j\u00e4lkeen esimerkiksi tilin saldoa, tilitapahtumia jne. koskeviin tietoihin. Varmentamiseen k\u00e4ytett\u00e4v\u00e4t ev\u00e4steet ovat yleens\u00e4 v\u00e4liaikaisia ev\u00e4steit\u00e4.<\/p>\n<p>Mainosev\u00e4steit\u00e4 k\u00e4ytet\u00e4\u00e4n kohderyhmille suunnattuun mainontaan. Ev\u00e4steiden avulla m\u00e4\u00e4ritet\u00e4\u00e4n kuinka monta kertaa mainos n\u00e4ytet\u00e4\u00e4n k\u00e4ytt\u00e4j\u00e4lle, ja samalla voidaan mitata my\u00f6s mainoskampanjan tehokkuutta.<\/p>\n<p>Multimediaev\u00e4steet tallentavat video- tai \u00e4\u00e4nimateriaalien esitt\u00e4miseen tarvittavaa teknist\u00e4 tietoa, kuten kuvien laatu, verkkoyhteyden nopeus ja puskurointitiedot. Multimediaev\u00e4steet tunnetaan paremmin nimell\u00e4 flash-ev\u00e4steet verkossa videoiden katseluun k\u00e4ytett\u00e4v\u00e4n suositun Adobe Flash-teknologian mukaan. Multimedian k\u00e4ytt\u00f6 on olemukseltaan lyhytkestoista, ja siksi my\u00f6s ev\u00e4steiden tulisi vanhentua istunnon p\u00e4\u00e4ttyess\u00e4.<\/p>\n<h3>Sis\u00e4ll\u00f6n jakamiseen k\u00e4ytett\u00e4v\u00e4t sosiaalisen median lis\u00e4osien ev\u00e4steet<\/h3>\n<p>Useat sosiaalisen median alustat tarjoavat erilaisia lis\u00e4osia (englanniksi \u201dsocial plug-in module\u201d), joita sivustojen yll\u00e4pit\u00e4j\u00e4t voivat hy\u00f6dynt\u00e4\u00e4 palvelulogiikassaan. N\u00e4iden lis\u00e4osien avulla k\u00e4ytt\u00e4j\u00e4t voivat jakaa mielek\u00e4st\u00e4 sis\u00e4lt\u00f6\u00e4 kavereidensa kanssa sosiaalisessa mediassa. Lis\u00e4osat tallentavat ev\u00e4steit\u00e4 loppuk\u00e4ytt\u00e4j\u00e4n laitteelle ja my\u00f6s p\u00e4\u00e4sev\u00e4t n\u00e4ihin ev\u00e4steisiin, jotta alusta pystyisi tunnistamaan n\u00e4it\u00e4 lis\u00e4osia k\u00e4ytt\u00e4v\u00e4t k\u00e4ytt\u00e4j\u00e4ns\u00e4.<\/p>\n<h2><span class=\"caps\">EV\u00c4STEIDEN K\u00c4YT\u00d6N RAJOITTAMINEN TAI EV\u00c4STEIDEN K\u00c4YT\u00d6N EST\u00c4MINEN<\/span><\/h2>\n<p>K\u00e4ytt\u00e4j\u00e4 voi omalla toiminnallaan rajoittaa tai est\u00e4\u00e4 ev\u00e4steiden tallentamisen laitteeseensa. T\u00e4m\u00e4 tehd\u00e4\u00e4n muuttamalla verkkoselaimen yksityisyydensuojaa koskevia asetuksia. Kaikkien ev\u00e4steiden kielt\u00e4minen voi tehostaa yksityisyyden suojaamista mutta samalla se voi rajoittaa joidenkin sivustojen k\u00e4ytt\u00f6\u00e4.<\/p>\n<p>Aluksi voi est\u00e4\u00e4 kaikkien ev\u00e4steiden k\u00e4yt\u00f6n ja hyv\u00e4ksy\u00e4 sen j\u00e4lkeen vain turvallisten sivustojen k\u00e4ytt\u00e4m\u00e4t ev\u00e4steet.<\/p>\n<p>Seuraavista linkeist\u00e4 l\u00f6ytyy ohjeita yleisimmin k\u00e4ytett\u00e4vien selainten ev\u00e4ste- ja turvallisuusasetuksien muuttamiseen:<\/p>\n<p><a href=\"https:\/\/support.microsoft.com\/en-us\/topic\/how-to-delete-cookie-files-in-internet-explorer-bca9446f-d873-78de-77ba-d42645fa52fc\" target=\"_blank\" rel=\"noopener\">Internet Explorer<\/a><br \/>\n<a href=\"https:\/\/support.google.com\/chrome\/answer\/95647?hl=en\" target=\"_blank\" rel=\"noopener\">Chrome<\/a><br \/>\n<a href=\"https:\/\/support.mozilla.org\/en-US\/kb\/delete-browsing-search-download-history-firefox?redirectslug=Clear+Recent+History&amp;redirectlocale=en-US\" target=\"_blank\" rel=\"noopener\">Firefox<\/a><br \/>\n<a href=\"https:\/\/help.opera.com\/en\/latest\/web-preferences\/#cookies\" target=\"_blank\" rel=\"noopener\">Opera<\/a><br \/>\n<a href=\"https:\/\/support.apple.com\/en-gb\/guide\/safari\/sfri11471\/mac\" target=\"_blank\" rel=\"noopener\">Safari<\/a><\/p>\n<\/div>\n<p>[\/vc_column_text][\/vc_column][\/vc_row]<\/p>\n<\/div>","protected":false},"excerpt":{"rendered":"<p>[vc_row][vc_column width=&#8221;1\/2&#8243;][vc_column_text]Ev\u00e4steiden k\u00e4ytt\u00f6 sivustoilla on tavallista. Ev\u00e4steiden avulla voidaan kuitenkin puuttua k\u00e4ytt\u00e4jien yksityisyyteen miltei huomaamatta. Euroopassa ev\u00e4steiden k\u00e4ytt\u00f6\u00e4 s\u00e4\u00e4ntelee tietosuojadirektiivi 95\/46\/EY ja s\u00e4hk\u00f6isen viestinn\u00e4n tietosuojadirektiivi 2002\/58\/EY. My\u00f6s Euroopan tietosuojavirastojen ty\u00f6ryhm\u00e4 on antanut lausunnon ev\u00e4steiden k\u00e4yt\u00f6st\u00e4. Tietosuojavirasto on laatinut my\u00f6s ohjeet, joiden tavoitteena on kertoa ev\u00e4steist\u00e4, ev\u00e4steiden k\u00e4ytt\u00f6tarkoituksista ja kertoa, mit\u00e4 k\u00e4ytt\u00e4j\u00e4 voi itse tehd\u00e4 rajoittaakseen [&hellip;]<\/p>\n","protected":false},"author":1,"featured_media":0,"parent":0,"menu_order":0,"comment_status":"closed","ping_status":"closed","template":"","meta":{"footnotes":""},"class_list":["post-18218","page","type-page","status-publish","hentry"],"yoast_head":"<!-- This site is optimized with the Yoast SEO plugin v26.6 - https:\/\/yoast.com\/wordpress\/plugins\/seo\/ -->\n<title>O\u00dc Nordic Plast Tietosuojak\u00e4yt\u00e4nt\u00f6<\/title>\n<meta name=\"description\" content=\"Sivustomme k\u00e4ytt\u00e4\u00e4 ev\u00e4steit\u00e4 selainkokemuksesi mukauttamiseen. Jatkamalla verkkosivuston selaamista tai sulkemalla viesti hyv\u00e4ksyt ev\u00e4steiden k\u00e4yt\u00f6n. Voit peruuttaa t\u00e4m\u00e4n suostumuksen milloin tahansa muuttamalla k\u00e4ytt\u00e4m\u00e4si laitteen asetuksia ja poistamalla tallennetut ev\u00e4steet.\" \/>\n<meta name=\"robots\" content=\"index, follow, max-snippet:-1, max-image-preview:large, max-video-preview:-1\" \/>\n<link rel=\"canonical\" href=\"https:\/\/nordicplast.ee\/fi\/tietosuojakaytanto\/\" \/>\n<meta property=\"og:locale\" content=\"fi_FI\" \/>\n<meta property=\"og:type\" content=\"article\" \/>\n<meta property=\"og:title\" content=\"O\u00dc Nordic Plast Tietosuojak\u00e4yt\u00e4nt\u00f6\" \/>\n<meta property=\"og:description\" content=\"Sivustomme k\u00e4ytt\u00e4\u00e4 ev\u00e4steit\u00e4 selainkokemuksesi mukauttamiseen. Jatkamalla verkkosivuston selaamista tai sulkemalla viesti hyv\u00e4ksyt ev\u00e4steiden k\u00e4yt\u00f6n. Voit peruuttaa t\u00e4m\u00e4n suostumuksen milloin tahansa muuttamalla k\u00e4ytt\u00e4m\u00e4si laitteen asetuksia ja poistamalla tallennetut ev\u00e4steet.\" \/>\n<meta property=\"og:url\" content=\"https:\/\/nordicplast.ee\/fi\/tietosuojakaytanto\/\" \/>\n<meta property=\"og:site_name\" content=\"Nordic Plast\" \/>\n<meta property=\"article:modified_time\" content=\"2023-08-24T11:38:35+00:00\" \/>\n<meta property=\"og:image\" content=\"https:\/\/nordicplast.ee\/wp-content\/uploads\/2021\/03\/NP_Logo_New2.png\" \/>\n\t<meta property=\"og:image:width\" content=\"3398\" \/>\n\t<meta property=\"og:image:height\" content=\"300\" \/>\n\t<meta property=\"og:image:type\" content=\"image\/png\" \/>\n<meta name=\"twitter:card\" content=\"summary_large_image\" \/>\n<meta name=\"twitter:label1\" content=\"Arvioitu lukuaika\" \/>\n\t<meta name=\"twitter:data1\" content=\"5 minuuttia\" \/>\n<script type=\"application\/ld+json\" class=\"yoast-schema-graph\">{\"@context\":\"https:\/\/schema.org\",\"@graph\":[{\"@type\":\"WebPage\",\"@id\":\"https:\/\/nordicplast.ee\/fi\/tietosuojakaytanto\/\",\"url\":\"https:\/\/nordicplast.ee\/fi\/tietosuojakaytanto\/\",\"name\":\"O\u00dc Nordic Plast Tietosuojak\u00e4yt\u00e4nt\u00f6\",\"isPartOf\":{\"@id\":\"https:\/\/nordicplast.ee\/fi\/#website\"},\"datePublished\":\"2021-04-05T22:03:17+00:00\",\"dateModified\":\"2023-08-24T11:38:35+00:00\",\"description\":\"Sivustomme k\u00e4ytt\u00e4\u00e4 ev\u00e4steit\u00e4 selainkokemuksesi mukauttamiseen. Jatkamalla verkkosivuston selaamista tai sulkemalla viesti hyv\u00e4ksyt ev\u00e4steiden k\u00e4yt\u00f6n. Voit peruuttaa t\u00e4m\u00e4n suostumuksen milloin tahansa muuttamalla k\u00e4ytt\u00e4m\u00e4si laitteen asetuksia ja poistamalla tallennetut ev\u00e4steet.\",\"breadcrumb\":{\"@id\":\"https:\/\/nordicplast.ee\/fi\/tietosuojakaytanto\/#breadcrumb\"},\"inLanguage\":\"fi\",\"potentialAction\":[{\"@type\":\"ReadAction\",\"target\":[\"https:\/\/nordicplast.ee\/fi\/tietosuojakaytanto\/\"]}]},{\"@type\":\"BreadcrumbList\",\"@id\":\"https:\/\/nordicplast.ee\/fi\/tietosuojakaytanto\/#breadcrumb\",\"itemListElement\":[{\"@type\":\"ListItem\",\"position\":1,\"name\":\"Home\",\"item\":\"https:\/\/nordicplast.ee\/fi\/etusivu\/\"},{\"@type\":\"ListItem\",\"position\":2,\"name\":\"Tietosuojak\u00e4yt\u00e4nt\u00f6\"}]},{\"@type\":\"WebSite\",\"@id\":\"https:\/\/nordicplast.ee\/fi\/#website\",\"url\":\"https:\/\/nordicplast.ee\/fi\/\",\"name\":\"Nordic Plast\",\"description\":\"\",\"publisher\":{\"@id\":\"https:\/\/nordicplast.ee\/fi\/#organization\"},\"potentialAction\":[{\"@type\":\"SearchAction\",\"target\":{\"@type\":\"EntryPoint\",\"urlTemplate\":\"https:\/\/nordicplast.ee\/fi\/?s={search_term_string}\"},\"query-input\":{\"@type\":\"PropertyValueSpecification\",\"valueRequired\":true,\"valueName\":\"search_term_string\"}}],\"inLanguage\":\"fi\"},{\"@type\":\"Organization\",\"@id\":\"https:\/\/nordicplast.ee\/fi\/#organization\",\"name\":\"O\u00dc Nordic Plast\",\"url\":\"https:\/\/nordicplast.ee\/fi\/\",\"logo\":{\"@type\":\"ImageObject\",\"inLanguage\":\"fi\",\"@id\":\"https:\/\/nordicplast.ee\/fi\/#\/schema\/logo\/image\/\",\"url\":\"https:\/\/nordicplast.ee\/wp-content\/uploads\/2021\/03\/NP_Logo_New2.png\",\"contentUrl\":\"https:\/\/nordicplast.ee\/wp-content\/uploads\/2021\/03\/NP_Logo_New2.png\",\"width\":3398,\"height\":300,\"caption\":\"O\u00dc Nordic Plast\"},\"image\":{\"@id\":\"https:\/\/nordicplast.ee\/fi\/#\/schema\/logo\/image\/\"},\"sameAs\":[\"https:\/\/www.linkedin.com\/company\/nordic-plast\/\"]}]}<\/script>\n<!-- \/ Yoast SEO plugin. -->","yoast_head_json":{"title":"O\u00dc Nordic Plast Tietosuojak\u00e4yt\u00e4nt\u00f6","description":"Sivustomme k\u00e4ytt\u00e4\u00e4 ev\u00e4steit\u00e4 selainkokemuksesi mukauttamiseen. Jatkamalla verkkosivuston selaamista tai sulkemalla viesti hyv\u00e4ksyt ev\u00e4steiden k\u00e4yt\u00f6n. Voit peruuttaa t\u00e4m\u00e4n suostumuksen milloin tahansa muuttamalla k\u00e4ytt\u00e4m\u00e4si laitteen asetuksia ja poistamalla tallennetut ev\u00e4steet.","robots":{"index":"index","follow":"follow","max-snippet":"max-snippet:-1","max-image-preview":"max-image-preview:large","max-video-preview":"max-video-preview:-1"},"canonical":"https:\/\/nordicplast.ee\/fi\/tietosuojakaytanto\/","og_locale":"fi_FI","og_type":"article","og_title":"O\u00dc Nordic Plast Tietosuojak\u00e4yt\u00e4nt\u00f6","og_description":"Sivustomme k\u00e4ytt\u00e4\u00e4 ev\u00e4steit\u00e4 selainkokemuksesi mukauttamiseen. Jatkamalla verkkosivuston selaamista tai sulkemalla viesti hyv\u00e4ksyt ev\u00e4steiden k\u00e4yt\u00f6n. Voit peruuttaa t\u00e4m\u00e4n suostumuksen milloin tahansa muuttamalla k\u00e4ytt\u00e4m\u00e4si laitteen asetuksia ja poistamalla tallennetut ev\u00e4steet.","og_url":"https:\/\/nordicplast.ee\/fi\/tietosuojakaytanto\/","og_site_name":"Nordic Plast","article_modified_time":"2023-08-24T11:38:35+00:00","og_image":[{"width":3398,"height":300,"url":"https:\/\/nordicplast.ee\/wp-content\/uploads\/2021\/03\/NP_Logo_New2.png","type":"image\/png"}],"twitter_card":"summary_large_image","twitter_misc":{"Arvioitu lukuaika":"5 minuuttia"},"schema":{"@context":"https:\/\/schema.org","@graph":[{"@type":"WebPage","@id":"https:\/\/nordicplast.ee\/fi\/tietosuojakaytanto\/","url":"https:\/\/nordicplast.ee\/fi\/tietosuojakaytanto\/","name":"O\u00dc Nordic Plast Tietosuojak\u00e4yt\u00e4nt\u00f6","isPartOf":{"@id":"https:\/\/nordicplast.ee\/fi\/#website"},"datePublished":"2021-04-05T22:03:17+00:00","dateModified":"2023-08-24T11:38:35+00:00","description":"Sivustomme k\u00e4ytt\u00e4\u00e4 ev\u00e4steit\u00e4 selainkokemuksesi mukauttamiseen. Jatkamalla verkkosivuston selaamista tai sulkemalla viesti hyv\u00e4ksyt ev\u00e4steiden k\u00e4yt\u00f6n. Voit peruuttaa t\u00e4m\u00e4n suostumuksen milloin tahansa muuttamalla k\u00e4ytt\u00e4m\u00e4si laitteen asetuksia ja poistamalla tallennetut ev\u00e4steet.","breadcrumb":{"@id":"https:\/\/nordicplast.ee\/fi\/tietosuojakaytanto\/#breadcrumb"},"inLanguage":"fi","potentialAction":[{"@type":"ReadAction","target":["https:\/\/nordicplast.ee\/fi\/tietosuojakaytanto\/"]}]},{"@type":"BreadcrumbList","@id":"https:\/\/nordicplast.ee\/fi\/tietosuojakaytanto\/#breadcrumb","itemListElement":[{"@type":"ListItem","position":1,"name":"Home","item":"https:\/\/nordicplast.ee\/fi\/etusivu\/"},{"@type":"ListItem","position":2,"name":"Tietosuojak\u00e4yt\u00e4nt\u00f6"}]},{"@type":"WebSite","@id":"https:\/\/nordicplast.ee\/fi\/#website","url":"https:\/\/nordicplast.ee\/fi\/","name":"Nordic Plast","description":"","publisher":{"@id":"https:\/\/nordicplast.ee\/fi\/#organization"},"potentialAction":[{"@type":"SearchAction","target":{"@type":"EntryPoint","urlTemplate":"https:\/\/nordicplast.ee\/fi\/?s={search_term_string}"},"query-input":{"@type":"PropertyValueSpecification","valueRequired":true,"valueName":"search_term_string"}}],"inLanguage":"fi"},{"@type":"Organization","@id":"https:\/\/nordicplast.ee\/fi\/#organization","name":"O\u00dc Nordic Plast","url":"https:\/\/nordicplast.ee\/fi\/","logo":{"@type":"ImageObject","inLanguage":"fi","@id":"https:\/\/nordicplast.ee\/fi\/#\/schema\/logo\/image\/","url":"https:\/\/nordicplast.ee\/wp-content\/uploads\/2021\/03\/NP_Logo_New2.png","contentUrl":"https:\/\/nordicplast.ee\/wp-content\/uploads\/2021\/03\/NP_Logo_New2.png","width":3398,"height":300,"caption":"O\u00dc Nordic Plast"},"image":{"@id":"https:\/\/nordicplast.ee\/fi\/#\/schema\/logo\/image\/"},"sameAs":["https:\/\/www.linkedin.com\/company\/nordic-plast\/"]}]}},"_links":{"self":[{"href":"https:\/\/nordicplast.ee\/fi\/wp-json\/wp\/v2\/pages\/18218","targetHints":{"allow":["GET"]}}],"collection":[{"href":"https:\/\/nordicplast.ee\/fi\/wp-json\/wp\/v2\/pages"}],"about":[{"href":"https:\/\/nordicplast.ee\/fi\/wp-json\/wp\/v2\/types\/page"}],"author":[{"embeddable":true,"href":"https:\/\/nordicplast.ee\/fi\/wp-json\/wp\/v2\/users\/1"}],"replies":[{"embeddable":true,"href":"https:\/\/nordicplast.ee\/fi\/wp-json\/wp\/v2\/comments?post=18218"}],"version-history":[{"count":20,"href":"https:\/\/nordicplast.ee\/fi\/wp-json\/wp\/v2\/pages\/18218\/revisions"}],"predecessor-version":[{"id":20236,"href":"https:\/\/nordicplast.ee\/fi\/wp-json\/wp\/v2\/pages\/18218\/revisions\/20236"}],"wp:attachment":[{"href":"https:\/\/nordicplast.ee\/fi\/wp-json\/wp\/v2\/media?parent=18218"}],"curies":[{"name":"wp","href":"https:\/\/api.w.org\/{rel}","templated":true}]}}