{"id":18913,"date":"2021-04-13T17:23:38","date_gmt":"2021-04-13T14:23:38","guid":{"rendered":"https:\/\/nordicplast.ee\/kontakt\/"},"modified":"2025-06-04T16:22:08","modified_gmt":"2025-06-04T13:22:08","slug":"kontakt","status":"publish","type":"page","link":"https:\/\/nordicplast.ee\/no\/kontakt\/","title":{"rendered":"Kontakt"},"content":{"rendered":"<div class=\"wpb-content-wrapper\"><p>[vc_row heading_color=&raquo;light&raquo; section_type=&raquo;fullwidth&raquo; bg_type=&raquo;color&raquo; padding_top_multiplier=&raquo;&raquo; padding_bottom_multiplier=&raquo;&raquo; columns_gap=&raquo;none&raquo; equal_column_height=&raquo;middle-content&raquo; tablet_sm_visibility=&raquo;hide&raquo; mobile_visibility=&raquo;hide&raquo; bg_color=&raquo;#003a75&#8243;][vc_column width=&raquo;1\/2&#8243; font_color=&raquo;#ffffff&raquo;]<h1 class=\"grve-element grve-title grve-align-center grve-link-text grve-increase-heading grve-heading-200\" style=\"margin-bottom: 6px;\"><span><span style=\"color: #15c7ff;\">O\u00dc NORDIC PLAST kontakter<br \/>\n<\/span><\/span><\/h1>[vc_row_inner][vc_column_inner][vc_column_text css=&raquo;&raquo; text_style=&raquo;leader-text&raquo;]<\/p>\n<p style=\"text-align: center;\">Kurna tee 14, Kiili, 75401,<br \/>\nKiili vald, Harjumaa<br \/>\nReg. nr. 11877278 | KMKR nr. EE101342308<\/p>\n<p>[\/vc_column_text][\/vc_column_inner][\/vc_row_inner][\/vc_column][vc_column width=&raquo;1\/2&#8243;]<div class=\"grve-element grve-image grve-align-center grve-full-image grve-image-space-100\" style=\"\">  <div class=\"grve-image-wrapper\"><img loading=\"lazy\" decoding=\"async\" width=\"1024\" height=\"768\" src=\"https:\/\/nordicplast.ee\/wp-content\/uploads\/2021\/02\/NP_Kontakt.jpg\" class=\"attachment-full size-full\" alt=\"\" srcset=\"https:\/\/nordicplast.ee\/wp-content\/uploads\/2021\/02\/NP_Kontakt.jpg 1024w, https:\/\/nordicplast.ee\/wp-content\/uploads\/2021\/02\/NP_Kontakt-300x225.jpg 300w, https:\/\/nordicplast.ee\/wp-content\/uploads\/2021\/02\/NP_Kontakt-768x576.jpg 768w, https:\/\/nordicplast.ee\/wp-content\/uploads\/2021\/02\/NP_Kontakt-560x420.jpg 560w, https:\/\/nordicplast.ee\/wp-content\/uploads\/2021\/02\/NP_Kontakt-900x675.jpg 900w\" sizes=\"auto, (max-width: 1024px) 100vw, 1024px\" \/>   <\/div><\/div>[\/vc_column][\/vc_row][vc_row section_type=&raquo;fullwidth&raquo; bg_type=&raquo;color&raquo; padding_top_multiplier=&raquo;&raquo; padding_bottom_multiplier=&raquo;&raquo; columns_gap=&raquo;none&raquo; equal_column_height=&raquo;middle-content&raquo; desktop_visibility=&raquo;hide&raquo; tablet_visibility=&raquo;hide&raquo;][vc_column]<div class=\"grve-element grve-image grve-align-center grve-full-image grve-image-space-100\" style=\"\">  <div class=\"grve-image-wrapper\"><img loading=\"lazy\" decoding=\"async\" width=\"1024\" height=\"768\" src=\"https:\/\/nordicplast.ee\/wp-content\/uploads\/2021\/02\/NP_Kontakt.jpg\" class=\"attachment-full size-full\" alt=\"\" srcset=\"https:\/\/nordicplast.ee\/wp-content\/uploads\/2021\/02\/NP_Kontakt.jpg 1024w, https:\/\/nordicplast.ee\/wp-content\/uploads\/2021\/02\/NP_Kontakt-300x225.jpg 300w, https:\/\/nordicplast.ee\/wp-content\/uploads\/2021\/02\/NP_Kontakt-768x576.jpg 768w, https:\/\/nordicplast.ee\/wp-content\/uploads\/2021\/02\/NP_Kontakt-560x420.jpg 560w, https:\/\/nordicplast.ee\/wp-content\/uploads\/2021\/02\/NP_Kontakt-900x675.jpg 900w\" sizes=\"auto, (max-width: 1024px) 100vw, 1024px\" \/>   <\/div><\/div><div class=\"grve-empty-space grve-height-2x\" style=\"\"><\/div><h1 class=\"grve-element grve-title grve-align-center grve-link-text grve-increase-heading grve-heading-180\" style=\"margin-bottom: 6px;\"><span><span style=\"color: #15c7ff;\">O\u00dc NORDIC PLAST kontakter<br \/>\n<\/span><\/span><\/h1>[vc_column_text css=&raquo;&raquo;]<\/p>\n<p style=\"text-align: center;\">Kurna tee 14, Kiili, 75401,<br \/>\nKiili vald, Harjumaa<br \/>\nReg. nr. 11877278 | KMKR nr. EE101342308<\/p>\n<p>[\/vc_column_text][\/vc_column][\/vc_row][vc_row padding_top_multiplier=&raquo;2x&raquo; padding_bottom_multiplier=&raquo;2x&raquo; desktop_visibility=&raquo;hide&raquo; tablet_visibility=&raquo;hide&raquo;][vc_column]<h4 class=\"grve-element grve-title grve-align-left grve-h3 grve-increase-heading grve-heading-140\" style=\"margin-bottom: 0px;\"><span>O\u00dc Nordic Plast<\/span><\/h4>[vc_column_text css=&raquo;&raquo;]Tel: +372 7997 081<br \/>\nFax: +372 7997 084<br \/>\n<a href=\"mailto:info@nordicplast.ee\">info@nordicplast.ee<\/a>[\/vc_column_text]<div class=\"grve-empty-space grve-height-1x\" style=\"\"><\/div><h4 class=\"grve-element grve-title grve-align-left grve-h3 grve-increase-heading grve-heading-140\" style=\"margin-bottom: 0px;\"><span>Raigo Leetma<\/span><\/h4>[vc_column_text]Administrerende direkt\u00f8r<br \/>\nTel: +372 7997 082<br \/>\nMob: +372 51 10 996<br \/>\n<a href=\"mailto:raigo.leetma@nordicplast.ee\">raigo.leetma@nordicplast.ee<\/a>[\/vc_column_text]<div class=\"grve-empty-space grve-height-1x\" style=\"\"><\/div><h4 class=\"grve-element grve-title grve-align-left grve-h3 grve-increase-heading grve-heading-140\" style=\"margin-bottom: 0px;\"><span>Oliver Saare<\/span><\/h4>[vc_column_text]Salgssjef<br \/>\nTel: +372 7997 081<br \/>\nMob: +372 5143479<br \/>\n<a href=\"mailto:oliver@nordicplast.ee\">oliver@nordicplast.ee<\/a>[\/vc_column_text]<div class=\"grve-empty-space grve-height-1x\" style=\"\"><\/div><h4 class=\"grve-element grve-title grve-align-left grve-h3 grve-increase-heading grve-heading-140\" style=\"margin-bottom: 0px;\"><span>Fakturaer:<br>\n<\/span><\/h4>[vc_column_text css=&raquo;.vc_custom_1617083681253{padding-bottom: 20px !important;}&raquo;]<a href=\"mailto:arved@nordicplast.ee\">arved@nordicplast.ee<\/a>[\/vc_column_text]<div class=\"grve-empty-space grve-height-1x\" style=\"\"><\/div><div class=\"grve-element grve-divider\" style=\"padding-top: 40px;\"><div class=\"grve-line-divider grve-border\"><\/div><\/div>[\/vc_column][\/vc_row][vc_row padding_top_multiplier=&raquo;3x&raquo; padding_bottom_multiplier=&raquo;2x&raquo; tablet_sm_visibility=&raquo;hide&raquo; mobile_visibility=&raquo;hide&raquo;][vc_column][vc_row_inner][vc_column_inner width=&raquo;1\/4&#8243;][vc_column_text css=&raquo;&raquo;]<\/p>\n<h4>O\u00dc Nordic Plast<\/h4>\n<p>Tel: +372 7997 081<br \/>\nFax: +372 7997 084<br \/>\n<a href=\"mailto:info@nordicplast.ee\">info@nordicplast.ee<\/a><\/p>\n<p>&nbsp;<\/p>\n<p>[\/vc_column_text][\/vc_column_inner][vc_column_inner width=&raquo;1\/4&#8243;][vc_column_text]<\/p>\n<h4>Raigo Leetma<\/h4>\n<p>Administrerende direkt\u00f8r<br \/>\nTel: +372 7997 082<br \/>\nMob: +372 51 10 996<br \/>\n<a href=\"mailto:raigo.leetma@nordicplast.ee\">raigo.leetma@nordicplast.ee<\/a>[\/vc_column_text][\/vc_column_inner][vc_column_inner width=&raquo;1\/4&#8243;][vc_column_text]<\/p>\n<h4>Oliver Saare<\/h4>\n<p>Salgssjef<br \/>\nTel: +372 7997 081<br \/>\nMob: +372 5143479<br \/>\n<a href=\"mailto:oliver@nordicplast.ee\">oliver@nordicplast.ee<\/a>[\/vc_column_text][\/vc_column_inner][vc_column_inner width=&raquo;1\/4&#8243;][vc_column_text css=&raquo;.vc_custom_1749042970482{padding-bottom: 20px !important;}&raquo;]<\/p>\n<h4>Fakturaer:<\/h4>\n<p><a href=\"mailto:arved@nordicplast.ee\">arved@nordicplast.ee<\/a><\/p>\n<p>[\/vc_column_text][\/vc_column_inner][\/vc_row_inner][\/vc_column][\/vc_row][vc_row disable_element=&raquo;yes&raquo; padding_bottom_multiplier=&raquo;&raquo; columns_gap=&raquo;none&raquo; font_color=&raquo;#003a75&#8243;][vc_column vertical_content_position=&raquo;middle&raquo; block_content=&raquo;gmaps&raquo; font_color=&raquo;#003a75&#8243;]<h3 class=\"grve-element grve-title grve-align-left grve-h3\" style=\"\"><span>Skriv oss<\/span><\/h3>[\/vc_column][\/vc_row][vc_row section_type=&raquo;fullwidth&raquo; padding_bottom_multiplier=&raquo;&raquo; columns_gap=&raquo;none&raquo;][vc_column vertical_content_position=&raquo;middle&raquo; block_content=&raquo;gmaps&raquo;]<div class=\"grve-map-wrapper\"><div class=\"grve-element grve-map\" data-lat=\"59.31058957069022\" data-lng=\"24.84195637053508\" data-zoom=\"13\" data-disable-style=\"no\" style=\"height: 350px;\"><\/div>  <div style=\"display:none\" class=\"grve-map-point\" data-point-marker=\"\/\/nordicplast.ee\/wp-content\/themes\/movedo\/images\/markers\/transparent.png\" data-point-lat=\"59.31058957069022\" data-point-lng=\"24.84195637053508\" data-point-title=\"\" data-point-type=\"pulse-dot\" data-point-marker-width=\"\" data-point-marker-height=\"\" data-point-bg-color=\"primary-1\"><\/div><\/div>[\/vc_column][\/vc_row]<\/p>\n<\/div>","protected":false},"excerpt":{"rendered":"<p>[vc_row heading_color=&raquo;light&raquo; section_type=&raquo;fullwidth&raquo; bg_type=&raquo;color&raquo; padding_top_multiplier=&raquo;&raquo; padding_bottom_multiplier=&raquo;&raquo; columns_gap=&raquo;none&raquo; equal_column_height=&raquo;middle-content&raquo; tablet_sm_visibility=&raquo;hide&raquo; mobile_visibility=&raquo;hide&raquo; bg_color=&raquo;#003a75&#8243;][vc_column width=&raquo;1\/2&#8243; font_color=&raquo;#ffffff&raquo;][vc_row_inner][vc_column_inner][vc_column_text css=&raquo;&raquo; text_style=&raquo;leader-text&raquo;] Kurna tee 14, Kiili, 75401, Kiili vald, Harjumaa Reg. nr. 11877278 | KMKR nr. EE101342308 [\/vc_column_text][\/vc_column_inner][\/vc_row_inner][\/vc_column][vc_column width=&raquo;1\/2&#8243;][\/vc_column][\/vc_row][vc_row section_type=&raquo;fullwidth&raquo; bg_type=&raquo;color&raquo; padding_top_multiplier=&raquo;&raquo; padding_bottom_multiplier=&raquo;&raquo; columns_gap=&raquo;none&raquo; equal_column_height=&raquo;middle-content&raquo; desktop_visibility=&raquo;hide&raquo; tablet_visibility=&raquo;hide&raquo;][vc_column][vc_column_text css=&raquo;&raquo;] Kurna tee 14, Kiili, 75401, Kiili vald, Harjumaa Reg. nr. 11877278 | KMKR nr. [&hellip;]<\/p>\n","protected":false},"author":1,"featured_media":0,"parent":0,"menu_order":0,"comment_status":"closed","ping_status":"closed","template":"","meta":{"footnotes":""},"class_list":["post-18913","page","type-page","status-publish","hentry"],"yoast_head":"<!-- This site is optimized with the Yoast SEO plugin v26.6 - https:\/\/yoast.com\/wordpress\/plugins\/seo\/ -->\n<title>O\u00dc Nordic Plast ja meie meeskonna kontaktandmed<\/title>\n<meta name=\"description\" content=\"Tahad saada rohkem infot meie toodete ja teenuste kohta? V\u00f5ta meiega \u00fchendust - kontaktandmed ja kontaktivormi leiad k\u00e4esoleval lehel.\" \/>\n<meta name=\"robots\" content=\"index, follow, max-snippet:-1, max-image-preview:large, max-video-preview:-1\" \/>\n<link rel=\"canonical\" href=\"https:\/\/nordicplast.ee\/no\/kontakt\/\" \/>\n<meta property=\"og:locale\" content=\"nb_NO\" \/>\n<meta property=\"og:type\" content=\"article\" \/>\n<meta property=\"og:title\" content=\"O\u00dc Nordic Plast ja meie meeskonna kontaktandmed\" \/>\n<meta property=\"og:description\" content=\"Tahad saada rohkem infot meie toodete ja teenuste kohta? V\u00f5ta meiega \u00fchendust - kontaktandmed ja kontaktivormi leiad k\u00e4esoleval lehel.\" \/>\n<meta property=\"og:url\" content=\"https:\/\/nordicplast.ee\/no\/kontakt\/\" \/>\n<meta property=\"og:site_name\" content=\"Nordic Plast\" \/>\n<meta property=\"article:modified_time\" content=\"2025-06-04T13:22:08+00:00\" \/>\n<meta property=\"og:image\" content=\"https:\/\/nordicplast.ee\/wp-content\/uploads\/2021\/03\/NP_Logo_New2.png\" \/>\n\t<meta property=\"og:image:width\" content=\"3398\" \/>\n\t<meta property=\"og:image:height\" content=\"300\" \/>\n\t<meta property=\"og:image:type\" content=\"image\/png\" \/>\n<meta name=\"twitter:card\" content=\"summary_large_image\" \/>\n<meta name=\"twitter:label1\" content=\"Ansl. lesetid\" \/>\n\t<meta name=\"twitter:data1\" content=\"3 minutter\" \/>\n<script type=\"application\/ld+json\" class=\"yoast-schema-graph\">{\"@context\":\"https:\/\/schema.org\",\"@graph\":[{\"@type\":\"WebPage\",\"@id\":\"https:\/\/nordicplast.ee\/no\/kontakt\/\",\"url\":\"https:\/\/nordicplast.ee\/no\/kontakt\/\",\"name\":\"O\u00dc Nordic Plast ja meie meeskonna kontaktandmed\",\"isPartOf\":{\"@id\":\"https:\/\/nordicplast.ee\/no\/#website\"},\"datePublished\":\"2021-04-13T14:23:38+00:00\",\"dateModified\":\"2025-06-04T13:22:08+00:00\",\"description\":\"Tahad saada rohkem infot meie toodete ja teenuste kohta? V\u00f5ta meiega \u00fchendust - kontaktandmed ja kontaktivormi leiad k\u00e4esoleval lehel.\",\"breadcrumb\":{\"@id\":\"https:\/\/nordicplast.ee\/no\/kontakt\/#breadcrumb\"},\"inLanguage\":\"nb-NO\",\"potentialAction\":[{\"@type\":\"ReadAction\",\"target\":[\"https:\/\/nordicplast.ee\/no\/kontakt\/\"]}]},{\"@type\":\"BreadcrumbList\",\"@id\":\"https:\/\/nordicplast.ee\/no\/kontakt\/#breadcrumb\",\"itemListElement\":[{\"@type\":\"ListItem\",\"position\":1,\"name\":\"Home\",\"item\":\"https:\/\/nordicplast.ee\/no\/hjem\/\"},{\"@type\":\"ListItem\",\"position\":2,\"name\":\"Kontakt\"}]},{\"@type\":\"WebSite\",\"@id\":\"https:\/\/nordicplast.ee\/no\/#website\",\"url\":\"https:\/\/nordicplast.ee\/no\/\",\"name\":\"Nordic Plast\",\"description\":\"\",\"publisher\":{\"@id\":\"https:\/\/nordicplast.ee\/no\/#organization\"},\"potentialAction\":[{\"@type\":\"SearchAction\",\"target\":{\"@type\":\"EntryPoint\",\"urlTemplate\":\"https:\/\/nordicplast.ee\/no\/?s={search_term_string}\"},\"query-input\":{\"@type\":\"PropertyValueSpecification\",\"valueRequired\":true,\"valueName\":\"search_term_string\"}}],\"inLanguage\":\"nb-NO\"},{\"@type\":\"Organization\",\"@id\":\"https:\/\/nordicplast.ee\/no\/#organization\",\"name\":\"O\u00dc Nordic Plast\",\"url\":\"https:\/\/nordicplast.ee\/no\/\",\"logo\":{\"@type\":\"ImageObject\",\"inLanguage\":\"nb-NO\",\"@id\":\"https:\/\/nordicplast.ee\/no\/#\/schema\/logo\/image\/\",\"url\":\"https:\/\/nordicplast.ee\/wp-content\/uploads\/2021\/03\/NP_Logo_New2.png\",\"contentUrl\":\"https:\/\/nordicplast.ee\/wp-content\/uploads\/2021\/03\/NP_Logo_New2.png\",\"width\":3398,\"height\":300,\"caption\":\"O\u00dc Nordic Plast\"},\"image\":{\"@id\":\"https:\/\/nordicplast.ee\/no\/#\/schema\/logo\/image\/\"},\"sameAs\":[\"https:\/\/www.linkedin.com\/company\/nordic-plast\/\"]}]}<\/script>\n<!-- \/ Yoast SEO plugin. -->","yoast_head_json":{"title":"O\u00dc Nordic Plast ja meie meeskonna kontaktandmed","description":"Tahad saada rohkem infot meie toodete ja teenuste kohta? V\u00f5ta meiega \u00fchendust - kontaktandmed ja kontaktivormi leiad k\u00e4esoleval lehel.","robots":{"index":"index","follow":"follow","max-snippet":"max-snippet:-1","max-image-preview":"max-image-preview:large","max-video-preview":"max-video-preview:-1"},"canonical":"https:\/\/nordicplast.ee\/no\/kontakt\/","og_locale":"nb_NO","og_type":"article","og_title":"O\u00dc Nordic Plast ja meie meeskonna kontaktandmed","og_description":"Tahad saada rohkem infot meie toodete ja teenuste kohta? V\u00f5ta meiega \u00fchendust - kontaktandmed ja kontaktivormi leiad k\u00e4esoleval lehel.","og_url":"https:\/\/nordicplast.ee\/no\/kontakt\/","og_site_name":"Nordic Plast","article_modified_time":"2025-06-04T13:22:08+00:00","og_image":[{"width":3398,"height":300,"url":"https:\/\/nordicplast.ee\/wp-content\/uploads\/2021\/03\/NP_Logo_New2.png","type":"image\/png"}],"twitter_card":"summary_large_image","twitter_misc":{"Ansl. lesetid":"3 minutter"},"schema":{"@context":"https:\/\/schema.org","@graph":[{"@type":"WebPage","@id":"https:\/\/nordicplast.ee\/no\/kontakt\/","url":"https:\/\/nordicplast.ee\/no\/kontakt\/","name":"O\u00dc Nordic Plast ja meie meeskonna kontaktandmed","isPartOf":{"@id":"https:\/\/nordicplast.ee\/no\/#website"},"datePublished":"2021-04-13T14:23:38+00:00","dateModified":"2025-06-04T13:22:08+00:00","description":"Tahad saada rohkem infot meie toodete ja teenuste kohta? V\u00f5ta meiega \u00fchendust - kontaktandmed ja kontaktivormi leiad k\u00e4esoleval lehel.","breadcrumb":{"@id":"https:\/\/nordicplast.ee\/no\/kontakt\/#breadcrumb"},"inLanguage":"nb-NO","potentialAction":[{"@type":"ReadAction","target":["https:\/\/nordicplast.ee\/no\/kontakt\/"]}]},{"@type":"BreadcrumbList","@id":"https:\/\/nordicplast.ee\/no\/kontakt\/#breadcrumb","itemListElement":[{"@type":"ListItem","position":1,"name":"Home","item":"https:\/\/nordicplast.ee\/no\/hjem\/"},{"@type":"ListItem","position":2,"name":"Kontakt"}]},{"@type":"WebSite","@id":"https:\/\/nordicplast.ee\/no\/#website","url":"https:\/\/nordicplast.ee\/no\/","name":"Nordic Plast","description":"","publisher":{"@id":"https:\/\/nordicplast.ee\/no\/#organization"},"potentialAction":[{"@type":"SearchAction","target":{"@type":"EntryPoint","urlTemplate":"https:\/\/nordicplast.ee\/no\/?s={search_term_string}"},"query-input":{"@type":"PropertyValueSpecification","valueRequired":true,"valueName":"search_term_string"}}],"inLanguage":"nb-NO"},{"@type":"Organization","@id":"https:\/\/nordicplast.ee\/no\/#organization","name":"O\u00dc Nordic Plast","url":"https:\/\/nordicplast.ee\/no\/","logo":{"@type":"ImageObject","inLanguage":"nb-NO","@id":"https:\/\/nordicplast.ee\/no\/#\/schema\/logo\/image\/","url":"https:\/\/nordicplast.ee\/wp-content\/uploads\/2021\/03\/NP_Logo_New2.png","contentUrl":"https:\/\/nordicplast.ee\/wp-content\/uploads\/2021\/03\/NP_Logo_New2.png","width":3398,"height":300,"caption":"O\u00dc Nordic Plast"},"image":{"@id":"https:\/\/nordicplast.ee\/no\/#\/schema\/logo\/image\/"},"sameAs":["https:\/\/www.linkedin.com\/company\/nordic-plast\/"]}]}},"_links":{"self":[{"href":"https:\/\/nordicplast.ee\/no\/wp-json\/wp\/v2\/pages\/18913","targetHints":{"allow":["GET"]}}],"collection":[{"href":"https:\/\/nordicplast.ee\/no\/wp-json\/wp\/v2\/pages"}],"about":[{"href":"https:\/\/nordicplast.ee\/no\/wp-json\/wp\/v2\/types\/page"}],"author":[{"embeddable":true,"href":"https:\/\/nordicplast.ee\/no\/wp-json\/wp\/v2\/users\/1"}],"replies":[{"embeddable":true,"href":"https:\/\/nordicplast.ee\/no\/wp-json\/wp\/v2\/comments?post=18913"}],"version-history":[{"count":42,"href":"https:\/\/nordicplast.ee\/no\/wp-json\/wp\/v2\/pages\/18913\/revisions"}],"predecessor-version":[{"id":20617,"href":"https:\/\/nordicplast.ee\/no\/wp-json\/wp\/v2\/pages\/18913\/revisions\/20617"}],"wp:attachment":[{"href":"https:\/\/nordicplast.ee\/no\/wp-json\/wp\/v2\/media?parent=18913"}],"curies":[{"name":"wp","href":"https:\/\/api.w.org\/{rel}","templated":true}]}}