{"id":18922,"date":"2021-04-13T17:53:21","date_gmt":"2021-04-13T14:53:21","guid":{"rendered":"https:\/\/nordicplast.ee\/personvernpolitikk\/"},"modified":"2023-08-24T14:40:12","modified_gmt":"2023-08-24T11:40:12","slug":"personvernpolitikk","status":"publish","type":"page","link":"https:\/\/nordicplast.ee\/no\/personvernpolitikk\/","title":{"rendered":"Personvernpolitikk"},"content":{"rendered":"<div class=\"wpb-content-wrapper\"><p>[vc_row][vc_column width=&raquo;1\/2&#8243;][vc_column_text]<strong>En del av internethverdagen har blitt bruk av informasjonskapsler (cookies) p\u00e5 nettsider. Samtidig har bruken av informasjonskapsler gjort det mulig \u00e5 gripe betydelig inn i brukerens privatliv uten at brukeren kjenner til det.<\/strong><\/p>\n<p>I det europeiske rettsomr\u00e5det reguleres bruk av informasjonskapsler av personverndirektivet 95\/46\/EF, og direktiv 2002\/58\/EF om beskyttelse av personopplysninger i elektronisk kommunikasjon. Videre har ogs\u00e5 arbeidsgruppen for europeiske personvernorganer kommet med en uttalelse om bruk av informasjonskapsler.<\/p>\n<p>Datatilsynet har laget informasjonsmateriell som har som m\u00e5l \u00e5 gi en oversikt over informasjonskapsler, hva det er, hva de brukes til og hva brukeren selv kan gj\u00f8re for \u00e5 begrense bruke av informasjonskapsler eller hindre bruken av dem totalt.<\/p>\n<h2><span class=\"caps\">INFORMASJONSKAPSLER<\/span><\/h2>\n<p>En informasjonskapsel (cookie) er en liten tekstfil som web-serveren sender til brukerens nettleser og som lagres p\u00e5 harddisken p\u00e5 brukerens datamaskin.<\/p>\n<p>Informasjonskapsler tilh\u00f8rer gr\u00e5sonen av programvare som ikke er farlig, men likevel kan medf\u00f8re ubehag for brukeren. Derfor analyserer antivirusprogrammer i tillegg til virus ogs\u00e5 informasjonskapsler og gir brukeren muligheten til selv \u00e5 avgj\u00f8re hvilke informasjonskapsler som skal bevares og hvilke som skal slettes.<\/p>\n<p>Selve informasjonskapslene leser ikke informasjon fra brukerens datamaskin og sender ikke noe av den ut p\u00e5 Internett. Likevel kan informasjon samlet ved hjelp av informasjonskapsler bli solgt til tredjeparter. Etter dette kan brukeren begynne \u00e5 motta kommersielle markedsf\u00f8ringsmeldinger.<\/p>\n<h2 class=\"content-right sub\"><span class=\"caps\">INFORMASJONSKAPSLENES FORM\u00c5L<\/span><\/h2>\n<p>Nettsider bruker informasjonskapsler for \u00e5 tilby brukeren en mer personlig brukeropplevelse og behageligere navigering p\u00e5 nettsider. For eksempel gj\u00f8r informasjonskapsler det mulig for nettsiden \u00e5 huske brukerens valg (spr\u00e5kvalg) eller unng\u00e5 at innlogging er n\u00f8dvendig hver gang. Generelt brukes informasjonskapsler til innsamling av statistiske data, ved \u00e5 f\u00f8lge med brukernes preferanser ved bes\u00f8k p\u00e5 nettsider. Noen direkte fare for brukeren vil ikke dette utgj\u00f8re, men fra et personvernsynspunkt kan slik virksomhet betraktes som krenking av personens privatliv. Dette er tilfelle dersom nettsiden ikke gir beskjed om bruken av informasjonskapsler. Alle administratorer av nettsider plikter \u00e5 s\u00f8rge for at nettsiden gir klar og forst\u00e5elig informasjon om hva slags informasjonskapsler nettsiden bruker og hva form\u00e5let med disse er. P\u00e5 denne m\u00e5ten kan brukeren selv avgj\u00f8re om informasjonskapsler skal tillates og i s\u00e5 fall hvilke.<\/p>\n<h2><span class=\"caps\">TYPER AV INFORMASJONSKAPSLER<\/span><\/h2>\n<h3>Det finnes to hovedtyper av informasjonskapsler:<\/h3>\n<p>Midlertidige eller seansebaserte informasjonskapsler slettes av datamaskinen n\u00e5r nettleseren lukkes. Midlertidige informasjonskapsler brukes for eksempel for \u00e5 huske spr\u00e5kvalget p\u00e5 hjemmesiden.<br \/>\nPermanente informasjonskapsler blir lagret p\u00e5 brukerens datamaskin etter at nettleseren lukkes. Nettsidene bruker dem for eksempel for \u00e5 lagre brukernavn og passord slik at brukeren ikke trenger \u00e5 logge inn hver gang en bestemt nettside bes\u00f8kes. Permanente informasjonskapsler kan bli v\u00e6rende p\u00e5 brukerens datamaskin i dager, m\u00e5neder eller til og med \u00e5r.<\/p>\n<h3>Informasjonskapsler deles ogs\u00e5 inn i kategorier etter tilh\u00f8righet:<\/h3>\n<p>Originale eller f\u00f8rsteparts informasjonskapsler kommer fra nettsiden som blir bes\u00f8kt og kan v\u00e6re b\u00e5de permanente og midlertidige. Ved hjelp av disse informasjonskapslene kan nettsidene lagre informasjon som gjenbrukes neste gang siden bes\u00f8kes. Sett fra et personopplysningsperspektiv er ansvarlig databehandler den som plasserer en f\u00f8rsteparts informasjonskapsel (eller hvem som helst med fullmakt) som administrerer den bes\u00f8kte nettsiden.<\/p>\n<p>Tredjeparts informasjonskapsler kommer for eksempel fra annonser fra andre nettsider plassert p\u00e5 den bes\u00f8kte nettsiden. Sett fra et personopplysningsperspektiv er ansvarlig databehandler den som plasserer en f\u00f8rsteparts informasjonskapsel og ikke administratoren av nettsiden som bes\u00f8kes.[\/vc_column_text][\/vc_column][vc_column width=&raquo;1\/2&#8243;][vc_column_text]<\/p>\n<div class=\"content-right sub\">\n<h3>Spesifikt deles informasjonskapsler ogs\u00e5 inn i:<\/h3>\n<p>Tekniske informasjonskapsler som er n\u00f8dvendige for at brukeren skal kunne navigere p\u00e5 hjemmesiden og bruke funksjonene p\u00e5 nettsiden.<\/p>\n<p>Analytiske informasjonskapsler som samler inn informasjon om hvordan nettsiden brukes. For eksempel: hvilke nettsider som bes\u00f8kes mest og om brukeren f\u00e5r feilmeldinger fra nettsiden. Disse informasjonskapslene samler ikke inn informasjon som gj\u00f8r det mulig \u00e5 identifisere brukeren av nettsiden direkte. Likevel kan analytisk overv\u00e5kning av datamaskinbruken f\u00f8re til indirekte identifikasjon av brukeren.<\/p>\n<p>Autentiseringsinformasjonskapsler, som lar nettsiden huske visse valg brukeren har gjort (for eksempel navn, spr\u00e5k eller omr\u00e5de). Disse informasjonskapslene brukes av nettsidene for eksempel for identifisering av den innloggede brukeren (p\u00e5 nettbanksider), brukere kan autentisere seg ved gjentatte bes\u00f8k av sidene og f\u00e5 tilgang til innhold som saldo, overf\u00f8ringer osv. Autentiseringsinformasjonskapsler er som regel midlertidige informasjonskapsler.<\/p>\n<p>Reklameinformasjonskapsler som nettsidene bruker for \u00e5 tilby annonser tilpasset brukerens interesse. Informasjonskapslene regulerer hvor mange ganger brukeren ser en bestemt annonse og bidrar samtidig til \u00e5 m\u00e5le effekten av reklamekampanjen. Informasjonskapslene regulerer hvor mange ganger brukeren ser en bestemt annonse og bidrar samtidig til \u00e5 m\u00e5le effekten av reklamekampanjen.<\/p>\n<p>Slike multimediainformasjonskapsler er allment kjent som flash-kapsler, ettersom den mest brukte videoteknologien p\u00e5 nettet er Adobe Flash. Slike multimediainformasjonskapsler er allment kjent som flash-kapsler, ettersom den mest brukte videoteknologien p\u00e5 nettet er Adobe Flash. Ettersom multimedia-avspilling generelt er midlertidig b\u00f8r disse informasjonskapslene bli slettet n\u00e5r seansen ender.<\/p>\n<h3>Informasjonskapsler for innholdsdeling i kommunikasjonstillegg<\/h3>\n<p>Mange sosiale medieplattformer tilbyr kommunikasjonstilleggsmoduler (social plug-in modules), som administratorer av nettsider kan inkludere i nettsidens logikk. Ved hjelp av disse modulene kan brukerne av de sosiale nettverkene dele innhold de liker med sine venner. Slike tillegg lagrer informasjonskapsler p\u00e5 sluttbrukerens enhet og har tilgang til dem, slik at sosialmediaplattformen kan gjenkjenne sine medlemmer som kommuniserer ved hjelp av disse vedleggene.<\/p>\n<h2><span class=\"caps\">BEGRENSNING ELLER TOTAL BLOKKERING AV BRUKEN AV INFORMASJONSKAPSLER<\/span><\/h2>\n<p>Brukeren av datamaskinen kan selv iverksette ulike tiltak for \u00e5 unng\u00e5 at informasjonskapsler lagres p\u00e5 datamaskinen. Da m\u00e5 brukeren endre personverninnstillingene p\u00e5 nettleseren. Blokkering av alle informasjonskapsler kan nok bidra til \u00e5 beskytte brukerens privatliv og personvern, men vil samtidig begrense bruksfunksjonaliteten p\u00e5 noen nettsider.<\/p>\n<p>Brukeren kan begynne med \u00e5 blokkere alle informasjonskapsler og deretter ut fra videre erfaringer med bruken kun tillate informasjonskapsler fra de nettsidene hun eller han har tillit til.<\/p>\n<p>De f\u00f8lgende linkene gir veiledning om hvordan brukeren selv kan stille inne de vanligste nettleserne med hensyn til informasjonskapsler og sikkerhetsinnstillinger:<\/p>\n<p><a href=\"https:\/\/support.microsoft.com\/en-us\/topic\/how-to-delete-cookie-files-in-internet-explorer-bca9446f-d873-78de-77ba-d42645fa52fc\" target=\"_blank\" rel=\"noopener\">Internet Explorer<\/a><br \/>\n<a href=\"https:\/\/support.google.com\/chrome\/answer\/95647?hl=en\" target=\"_blank\" rel=\"noopener\">Chrome<\/a><br \/>\n<a href=\"https:\/\/support.mozilla.org\/en-US\/kb\/delete-browsing-search-download-history-firefox?redirectslug=Clear+Recent+History&amp;redirectlocale=en-US\" target=\"_blank\" rel=\"noopener\">Firefox<\/a><br \/>\n<a href=\"https:\/\/help.opera.com\/en\/latest\/web-preferences\/#cookies\" target=\"_blank\" rel=\"noopener\">Opera<\/a><br \/>\n<a href=\"https:\/\/support.apple.com\/en-gb\/guide\/safari\/sfri11471\/mac\" target=\"_blank\" rel=\"noopener\">Safari<\/a><\/p>\n<\/div>\n<p>[\/vc_column_text][\/vc_column][\/vc_row]<\/p>\n<\/div>","protected":false},"excerpt":{"rendered":"<p>[vc_row][vc_column width=&raquo;1\/2&#8243;][vc_column_text]En del av internethverdagen har blitt bruk av informasjonskapsler (cookies) p\u00e5 nettsider. Samtidig har bruken av informasjonskapsler gjort det mulig \u00e5 gripe betydelig inn i brukerens privatliv uten at brukeren kjenner til det. I det europeiske rettsomr\u00e5det reguleres bruk av informasjonskapsler av personverndirektivet 95\/46\/EF, og direktiv 2002\/58\/EF om beskyttelse av personopplysninger i elektronisk kommunikasjon. [&hellip;]<\/p>\n","protected":false},"author":1,"featured_media":0,"parent":0,"menu_order":0,"comment_status":"closed","ping_status":"closed","template":"","meta":{"footnotes":""},"class_list":["post-18922","page","type-page","status-publish","hentry"],"yoast_head":"<!-- This site is optimized with the Yoast SEO plugin v26.6 - https:\/\/yoast.com\/wordpress\/plugins\/seo\/ -->\n<title>O\u00dc Nordic Plast personvernpolitikk<\/title>\n<meta name=\"description\" content=\"Nordicplast.ee lehel kasutatakse k\u00fcpsiseid, millest rohkem infot leiate k\u00e4esolevalt privaatsuspoliitika lehelt.\" \/>\n<meta name=\"robots\" content=\"index, follow, max-snippet:-1, max-image-preview:large, max-video-preview:-1\" \/>\n<link rel=\"canonical\" href=\"https:\/\/nordicplast.ee\/no\/personvernpolitikk\/\" \/>\n<meta property=\"og:locale\" content=\"nb_NO\" \/>\n<meta property=\"og:type\" content=\"article\" \/>\n<meta property=\"og:title\" content=\"O\u00dc Nordic Plast personvernpolitikk\" \/>\n<meta property=\"og:description\" content=\"Nordicplast.ee lehel kasutatakse k\u00fcpsiseid, millest rohkem infot leiate k\u00e4esolevalt privaatsuspoliitika lehelt.\" \/>\n<meta property=\"og:url\" content=\"https:\/\/nordicplast.ee\/no\/personvernpolitikk\/\" \/>\n<meta property=\"og:site_name\" content=\"Nordic Plast\" \/>\n<meta property=\"article:modified_time\" content=\"2023-08-24T11:40:12+00:00\" \/>\n<meta property=\"og:image\" content=\"https:\/\/nordicplast.ee\/wp-content\/uploads\/2021\/03\/NP_Logo_New2.png\" \/>\n\t<meta property=\"og:image:width\" content=\"3398\" \/>\n\t<meta property=\"og:image:height\" content=\"300\" \/>\n\t<meta property=\"og:image:type\" content=\"image\/png\" \/>\n<meta name=\"twitter:card\" content=\"summary_large_image\" \/>\n<meta name=\"twitter:label1\" content=\"Ansl. lesetid\" \/>\n\t<meta name=\"twitter:data1\" content=\"5 minutter\" \/>\n<script type=\"application\/ld+json\" class=\"yoast-schema-graph\">{\"@context\":\"https:\/\/schema.org\",\"@graph\":[{\"@type\":\"WebPage\",\"@id\":\"https:\/\/nordicplast.ee\/no\/personvernpolitikk\/\",\"url\":\"https:\/\/nordicplast.ee\/no\/personvernpolitikk\/\",\"name\":\"O\u00dc Nordic Plast personvernpolitikk\",\"isPartOf\":{\"@id\":\"https:\/\/nordicplast.ee\/no\/#website\"},\"datePublished\":\"2021-04-13T14:53:21+00:00\",\"dateModified\":\"2023-08-24T11:40:12+00:00\",\"description\":\"Nordicplast.ee lehel kasutatakse k\u00fcpsiseid, millest rohkem infot leiate k\u00e4esolevalt privaatsuspoliitika lehelt.\",\"breadcrumb\":{\"@id\":\"https:\/\/nordicplast.ee\/no\/personvernpolitikk\/#breadcrumb\"},\"inLanguage\":\"nb-NO\",\"potentialAction\":[{\"@type\":\"ReadAction\",\"target\":[\"https:\/\/nordicplast.ee\/no\/personvernpolitikk\/\"]}]},{\"@type\":\"BreadcrumbList\",\"@id\":\"https:\/\/nordicplast.ee\/no\/personvernpolitikk\/#breadcrumb\",\"itemListElement\":[{\"@type\":\"ListItem\",\"position\":1,\"name\":\"Home\",\"item\":\"https:\/\/nordicplast.ee\/no\/hjem\/\"},{\"@type\":\"ListItem\",\"position\":2,\"name\":\"Personvernpolitikk\"}]},{\"@type\":\"WebSite\",\"@id\":\"https:\/\/nordicplast.ee\/no\/#website\",\"url\":\"https:\/\/nordicplast.ee\/no\/\",\"name\":\"Nordic Plast\",\"description\":\"\",\"publisher\":{\"@id\":\"https:\/\/nordicplast.ee\/no\/#organization\"},\"potentialAction\":[{\"@type\":\"SearchAction\",\"target\":{\"@type\":\"EntryPoint\",\"urlTemplate\":\"https:\/\/nordicplast.ee\/no\/?s={search_term_string}\"},\"query-input\":{\"@type\":\"PropertyValueSpecification\",\"valueRequired\":true,\"valueName\":\"search_term_string\"}}],\"inLanguage\":\"nb-NO\"},{\"@type\":\"Organization\",\"@id\":\"https:\/\/nordicplast.ee\/no\/#organization\",\"name\":\"O\u00dc Nordic Plast\",\"url\":\"https:\/\/nordicplast.ee\/no\/\",\"logo\":{\"@type\":\"ImageObject\",\"inLanguage\":\"nb-NO\",\"@id\":\"https:\/\/nordicplast.ee\/no\/#\/schema\/logo\/image\/\",\"url\":\"https:\/\/nordicplast.ee\/wp-content\/uploads\/2021\/03\/NP_Logo_New2.png\",\"contentUrl\":\"https:\/\/nordicplast.ee\/wp-content\/uploads\/2021\/03\/NP_Logo_New2.png\",\"width\":3398,\"height\":300,\"caption\":\"O\u00dc Nordic Plast\"},\"image\":{\"@id\":\"https:\/\/nordicplast.ee\/no\/#\/schema\/logo\/image\/\"},\"sameAs\":[\"https:\/\/www.linkedin.com\/company\/nordic-plast\/\"]}]}<\/script>\n<!-- \/ Yoast SEO plugin. -->","yoast_head_json":{"title":"O\u00dc Nordic Plast personvernpolitikk","description":"Nordicplast.ee lehel kasutatakse k\u00fcpsiseid, millest rohkem infot leiate k\u00e4esolevalt privaatsuspoliitika lehelt.","robots":{"index":"index","follow":"follow","max-snippet":"max-snippet:-1","max-image-preview":"max-image-preview:large","max-video-preview":"max-video-preview:-1"},"canonical":"https:\/\/nordicplast.ee\/no\/personvernpolitikk\/","og_locale":"nb_NO","og_type":"article","og_title":"O\u00dc Nordic Plast personvernpolitikk","og_description":"Nordicplast.ee lehel kasutatakse k\u00fcpsiseid, millest rohkem infot leiate k\u00e4esolevalt privaatsuspoliitika lehelt.","og_url":"https:\/\/nordicplast.ee\/no\/personvernpolitikk\/","og_site_name":"Nordic Plast","article_modified_time":"2023-08-24T11:40:12+00:00","og_image":[{"width":3398,"height":300,"url":"https:\/\/nordicplast.ee\/wp-content\/uploads\/2021\/03\/NP_Logo_New2.png","type":"image\/png"}],"twitter_card":"summary_large_image","twitter_misc":{"Ansl. lesetid":"5 minutter"},"schema":{"@context":"https:\/\/schema.org","@graph":[{"@type":"WebPage","@id":"https:\/\/nordicplast.ee\/no\/personvernpolitikk\/","url":"https:\/\/nordicplast.ee\/no\/personvernpolitikk\/","name":"O\u00dc Nordic Plast personvernpolitikk","isPartOf":{"@id":"https:\/\/nordicplast.ee\/no\/#website"},"datePublished":"2021-04-13T14:53:21+00:00","dateModified":"2023-08-24T11:40:12+00:00","description":"Nordicplast.ee lehel kasutatakse k\u00fcpsiseid, millest rohkem infot leiate k\u00e4esolevalt privaatsuspoliitika lehelt.","breadcrumb":{"@id":"https:\/\/nordicplast.ee\/no\/personvernpolitikk\/#breadcrumb"},"inLanguage":"nb-NO","potentialAction":[{"@type":"ReadAction","target":["https:\/\/nordicplast.ee\/no\/personvernpolitikk\/"]}]},{"@type":"BreadcrumbList","@id":"https:\/\/nordicplast.ee\/no\/personvernpolitikk\/#breadcrumb","itemListElement":[{"@type":"ListItem","position":1,"name":"Home","item":"https:\/\/nordicplast.ee\/no\/hjem\/"},{"@type":"ListItem","position":2,"name":"Personvernpolitikk"}]},{"@type":"WebSite","@id":"https:\/\/nordicplast.ee\/no\/#website","url":"https:\/\/nordicplast.ee\/no\/","name":"Nordic Plast","description":"","publisher":{"@id":"https:\/\/nordicplast.ee\/no\/#organization"},"potentialAction":[{"@type":"SearchAction","target":{"@type":"EntryPoint","urlTemplate":"https:\/\/nordicplast.ee\/no\/?s={search_term_string}"},"query-input":{"@type":"PropertyValueSpecification","valueRequired":true,"valueName":"search_term_string"}}],"inLanguage":"nb-NO"},{"@type":"Organization","@id":"https:\/\/nordicplast.ee\/no\/#organization","name":"O\u00dc Nordic Plast","url":"https:\/\/nordicplast.ee\/no\/","logo":{"@type":"ImageObject","inLanguage":"nb-NO","@id":"https:\/\/nordicplast.ee\/no\/#\/schema\/logo\/image\/","url":"https:\/\/nordicplast.ee\/wp-content\/uploads\/2021\/03\/NP_Logo_New2.png","contentUrl":"https:\/\/nordicplast.ee\/wp-content\/uploads\/2021\/03\/NP_Logo_New2.png","width":3398,"height":300,"caption":"O\u00dc Nordic Plast"},"image":{"@id":"https:\/\/nordicplast.ee\/no\/#\/schema\/logo\/image\/"},"sameAs":["https:\/\/www.linkedin.com\/company\/nordic-plast\/"]}]}},"_links":{"self":[{"href":"https:\/\/nordicplast.ee\/no\/wp-json\/wp\/v2\/pages\/18922","targetHints":{"allow":["GET"]}}],"collection":[{"href":"https:\/\/nordicplast.ee\/no\/wp-json\/wp\/v2\/pages"}],"about":[{"href":"https:\/\/nordicplast.ee\/no\/wp-json\/wp\/v2\/types\/page"}],"author":[{"embeddable":true,"href":"https:\/\/nordicplast.ee\/no\/wp-json\/wp\/v2\/users\/1"}],"replies":[{"embeddable":true,"href":"https:\/\/nordicplast.ee\/no\/wp-json\/wp\/v2\/comments?post=18922"}],"version-history":[{"count":9,"href":"https:\/\/nordicplast.ee\/no\/wp-json\/wp\/v2\/pages\/18922\/revisions"}],"predecessor-version":[{"id":20243,"href":"https:\/\/nordicplast.ee\/no\/wp-json\/wp\/v2\/pages\/18922\/revisions\/20243"}],"wp:attachment":[{"href":"https:\/\/nordicplast.ee\/no\/wp-json\/wp\/v2\/media?parent=18922"}],"curies":[{"name":"wp","href":"https:\/\/api.w.org\/{rel}","templated":true}]}}