{"id":18691,"date":"2021-04-12T23:11:21","date_gmt":"2021-04-12T20:11:21","guid":{"rendered":"https:\/\/nordicplast.ee\/integritetspolicy\/"},"modified":"2023-08-24T14:40:38","modified_gmt":"2023-08-24T11:40:38","slug":"integritetspolicy","status":"publish","type":"page","link":"https:\/\/nordicplast.ee\/sv\/integritetspolicy\/","title":{"rendered":"Integritetspolicy"},"content":{"rendered":"<div class=\"wpb-content-wrapper\"><p>[vc_row][vc_column width=&#8221;1\/2&#8243;][vc_column_text]<strong>Anv\u00e4ndning av kakor p\u00e5 webbsidor har blivit en naturlig del av internetv\u00e4rlden. Samtidigt har anv\u00e4ndning av kakor skapat en m\u00f6jlighet f\u00f6r allvarliga intr\u00e5ng i anv\u00e4ndares privata liv utan deras k\u00e4nnedom.<\/strong><\/p>\n<p>I Europa regleras anv\u00e4ndning av kakor genom dataskyddsf\u00f6rordningen 95\/46\/EG och direktivet om integritet och elektronisk kommunikation 2002\/58\/EG. Dessutom har en arbetsgrupp best\u00e5ende av f\u00f6retr\u00e4dare f\u00f6r medlemsstaternas tillsynsmyndigheter gjort upprepade uttalanden om anv\u00e4ndning av kakor.<\/p>\n<p>Dataskyddsinspektionen har tagit fram ett redog\u00f6rande material med en \u00f6versikt av webbkakor f\u00f6r att f\u00f6rklara vad de \u00e4r, vad de anv\u00e4nds f\u00f6r och vad kan anv\u00e4ndare g\u00f6ra sj\u00e4lva f\u00f6r att begr\u00e4nsa eller avst\u00e5 helt fr\u00e5n anv\u00e4ndningen av kakor.<\/p>\n<h2><span class=\"caps\">KAKOR<\/span><\/h2>\n<p>Kaka (cookie) \u00e4r en liten textfil som webbservern skickar till anv\u00e4ndarens webbl\u00e4sare och som sparas p\u00e5 h\u00e5rddisken i anv\u00e4ndarens dator.<\/p>\n<p>Kakor tillh\u00f6r den s.k. gr\u00e5zons mjukvara som inte \u00e4r skadlig, men kan \u00e4nd\u00e5 orsaka ett visst obehag f\u00f6r anv\u00e4ndare. D\u00e4rf\u00f6r analyserar virusskyddsprogram inte bara virus utan \u00e4ven kakor och ger anv\u00e4ndare en m\u00f6jlighet att sj\u00e4lv besluta vilka kakor f\u00e5r vara kvar och vilka ska raderas.<\/p>\n<p>Kakorna sj\u00e4lva avl\u00e4ser ingen information fr\u00e5n anv\u00e4ndares dator och inte heller vidarebefordrar den till andra mottagare. Dock kan informationen som har samlats med hj\u00e4lp av kakor s\u00e4ljas vidare till utomst\u00e5ende. Efter att det har h\u00e4nt b\u00f6rjar anv\u00e4ndaren f\u00e5 olika kommersiella meddelanden med marknadsf\u00f6ringssyfte.<\/p>\n<h2 class=\"content-right sub\"><span class=\"caps\">SYFTET MED KAKOR<\/span><\/h2>\n<p>Webbsidor anv\u00e4nder kakor i syfte att erbjuda anv\u00e4ndare en personligare anv\u00e4ndarupplevelse och g\u00f6ra navigeringen p\u00e5 webbsidan bekv\u00e4mare. Bland annat hj\u00e4lper en kaka att komma ih\u00e5g de val anv\u00e4ndaren har gjort (t.ex. spr\u00e5k) eller hoppa \u00f6ver inloggningsproceduren p\u00e5 webbsidan. Normalt anv\u00e4nds kakor f\u00f6r insamling av statistiska uppgifter utifr\u00e5n de val anv\u00e4ndaren har gjort vid sina bes\u00f6k till webbsidor. \u00c4ven om det inte exponerar anv\u00e4ndare f\u00f6r n\u00e5gon direkt fara kan en s\u00e5dan aktivitet utifr\u00e5n skyddet av personuppgifter betraktas som intr\u00e5ng i den personliga integriteten. Det i fall webbsidan inte informerar om anv\u00e4ndning av kakor. Webbadministrat\u00f6rer \u00e4r f\u00f6rpliktade att klart och tydligt informera om vilken typ av kakor deras webbsida anv\u00e4nder och i vilket syfte. S\u00e5 kan anv\u00e4ndaren sj\u00e4lv avg\u00f6ra om och vilka kakor han\/hon godk\u00e4nner eller f\u00f6rbjuder.<\/p>\n<h2><span class=\"caps\">OLIKA TYPER AV KAKOR<\/span><\/h2>\n<h3>Efter sin natur kan kakorna delas i tv\u00e5 grupper:<\/h3>\n<p>Tempor\u00e4ra eller sessionsbaserade kakor som datorn raderar efter att webbl\u00e4saren st\u00e4ngs. Tempor\u00e4ra kakor anv\u00e4nds till exempel f\u00f6r att komma ih\u00e5g webbsidans spr\u00e5kval.<br \/>\nPermanenta kakor sparas i anv\u00e4ndarens dator efter att webbsidan har st\u00e4ngts. Dessa anv\u00e4nds av webbsidor till exempel f\u00f6r sparande av anv\u00e4ndarnamn och l\u00f6senord s\u00e5 att anv\u00e4ndaren inte ska beh\u00f6va logga in p\u00e5 nytt varje g\u00e5ng han\/hon bes\u00f6ker webbsidan. Permanenta kakor kan stanna kvar i anv\u00e4ndaren dator i flera dagar, m\u00e5nader eller t.o.m. \u00e5r.<\/p>\n<h3>Efter tillh\u00f6righet kan kakorna klassificeras enligt f\u00f6ljande:<\/h3>\n<p>F\u00f6rstapartskakor som tillh\u00f6r den bes\u00f6kta webbsidan och kan vara b\u00e5de permanenta och tempor\u00e4ra kakor. Webbsidor kan anv\u00e4nda dessa kakor f\u00f6r att spara information som ska anv\u00e4ndas p\u00e5 nytt n\u00e4sta g\u00e5ng n\u00e4r man bes\u00f6ker webbsidan. Vad g\u00e4ller behandling av personuppgifter placeras f\u00f6rstapartskakor ut av personuppgiftsansvarige (eller en av honom\/henne utsedd personuppgiftsbitr\u00e4de) hos administrat\u00f6ren f\u00f6r den webbsidan som bes\u00f6ks.<\/p>\n<p>Tredjepartskakor som till exempel kommer fr\u00e5n reklam till andra webbsidor som presenteras p\u00e5 den webbsidan som anv\u00e4ndaren bes\u00f6ker. Vad g\u00e4ller behandling av personuppgifter placeras tredjepartskakor ut av en annan personuppgiftsansvarig inte den hos administrat\u00f6ren f\u00f6r den bes\u00f6kta webbsidan.[\/vc_column_text][\/vc_column][vc_column width=&#8221;1\/2&#8243;][vc_column_text]<\/p>\n<div class=\"content-right sub\">\n<h3>Specifikt klassificeras kakorna \u00e4ven som f\u00f6ljande:<\/h3>\n<p>Tekniska kakor \u00e4r n\u00f6dv\u00e4ndiga f\u00f6r att anv\u00e4ndare ska kunna navigera p\u00e5 webbsidan och anv\u00e4nda dess funktioner.<\/p>\n<p>Analytiska kakor som samlar information om hur webbsidan anv\u00e4nds. Till exempel vilka sidor bes\u00f6ks som mest och om eventuella felmeddelanden skickas ut till anv\u00e4ndare. Dessa kakor samlar ingen information som m\u00f6jligg\u00f6r direkt identifiering av anv\u00e4ndaren. Dock kan analytisk \u00f6vervakning av datoranv\u00e4ndning leda till att anv\u00e4ndaren kan identifieras indirekt.<\/p>\n<p>Autentiseringskakor som l\u00e5ter webbsidan komma ih\u00e5g de val anv\u00e4ndaren har gjort (t.ex. namn, spr\u00e5k eller region). Dessa kakor anv\u00e4nds av webbsidor f\u00f6r identifiering av en inloggad anv\u00e4ndare (t.ex. p\u00e5 internetbankers webbsidor) och g\u00f6r det m\u00f6jligt f\u00f6r anv\u00e4ndare att autentisera sig vid \u00e5terkommande bes\u00f6k till webbsidan och komma \u00e5t dess inneh\u00e5ll som kontots saldo, \u00f6verf\u00f6ringar mm. Autentiseringskakor \u00e4r oftast tempor\u00e4ra kakor.<\/p>\n<p>Reklamkakor som anv\u00e4nds av webbsidor f\u00f6r att erbjuda anv\u00e4ndare riktad reklam utifr\u00e5n anv\u00e4ndares personliga intressen. Kakorna reglerar hur m\u00e5nga g\u00e5nger anv\u00e4ndaren ser en viss reklam och hj\u00e4lper samtidigt att m\u00e4ta reklamkampanjers effektivitet.<\/p>\n<p>Kakor som anv\u00e4nds f\u00f6r multimedialt inneh\u00e5ll och som sparar teknisk information n\u00f6dv\u00e4ndig f\u00f6r att kunna spela upp video- eller audioinneh\u00e5ll, s\u00e5som bildkvalitet, n\u00e4tanslutningshastighet och parametrar f\u00f6r buffring. S\u00e5dana multimedia-kakor \u00e4r mer k\u00e4nda som flash-kakor efter den mest anv\u00e4nda internet-videoteknologin Adobe Flash. Eftersom uppspelning av multimedialt inneh\u00e5ll normalt \u00e4r av tempor\u00e4r karakt\u00e4r b\u00f6r dessa kakor f\u00f6rsvinna efter att sessionen har avslutats.<\/p>\n<h3>Sociala plugins kakor f\u00f6r delning av inneh\u00e5ll<\/h3>\n<p>Flera sociala n\u00e4tverk erbjuder sociala plugin-moduler som webbadministrat\u00f6rer kan anpassa till sin webbsidans tj\u00e4nstelogik. Med hj\u00e4lp av dessa moduler kan anv\u00e4ndare av sociala n\u00e4tverk dela \u00f6nskat inneh\u00e5ll med sina v\u00e4nner. S\u00e5dana plugins sparar kakor i anv\u00e4ndarens enhet och har \u00e5tkomst till dem f\u00f6r att g\u00f6ra det m\u00f6jligt f\u00f6r sociala n\u00e4tverk att identifiera sina medlemmar som kommunicerar genom dessa plugins.<\/p>\n<h2><span class=\"caps\">ATT BEGR\u00c4NSA ELLER AVST\u00c5 HELT FR\u00c5N ANV\u00c4NDNING AV KAKOR<\/span><\/h2>\n<p>Varje datoranv\u00e4ndare kan sj\u00e4lv vidta f\u00f6rebyggande \u00e5tg\u00e4rder f\u00f6r att undvika att kakor sparas i hans\/hennes dator. F\u00f6r det m\u00e5ste anv\u00e4ndare \u00e4ndra integritetsinst\u00e4llningar p\u00e5 sin webbl\u00e4sare. \u00c4ven om blockering av alla kakor kan hj\u00e4lpa att skydda anv\u00e4ndarens integritet kan det samtidigt begr\u00e4nsa anv\u00e4ndningsm\u00f6jligheterna p\u00e5 vissa webbsidor.<\/p>\n<p>Anv\u00e4ndare kan b\u00f6rja med att blockera anv\u00e4ndningen av alla kakor f\u00f6r att sedan erfarenhetsm\u00e4ssigt godk\u00e4nna kakor endast p\u00e5 de webbsidor som han\/hon litar p\u00e5.<\/p>\n<p>Nedan f\u00f6ljande l\u00e4nkar ger handledning f\u00f6r inst\u00e4llning av de vanligaste webbl\u00e4sarprogram f\u00f6r kakor och s\u00e4kerhet:<\/p>\n<p><a href=\"https:\/\/support.microsoft.com\/en-us\/topic\/how-to-delete-cookie-files-in-internet-explorer-bca9446f-d873-78de-77ba-d42645fa52fc\" target=\"_blank\" rel=\"noopener\">Internet Explorer<\/a><br \/>\n<a href=\"https:\/\/support.google.com\/chrome\/answer\/95647?hl=en\" target=\"_blank\" rel=\"noopener\">Chrome<\/a><br \/>\n<a href=\"https:\/\/support.mozilla.org\/en-US\/kb\/delete-browsing-search-download-history-firefox?redirectslug=Clear+Recent+History&amp;redirectlocale=en-US\" target=\"_blank\" rel=\"noopener\">Firefox<\/a><br \/>\n<a href=\"https:\/\/help.opera.com\/en\/latest\/web-preferences\/#cookies\" target=\"_blank\" rel=\"noopener\">Opera<\/a><br \/>\n<a href=\"https:\/\/support.apple.com\/en-gb\/guide\/safari\/sfri11471\/mac\" target=\"_blank\" rel=\"noopener\">Safari<\/a><\/p>\n<\/div>\n<p>[\/vc_column_text][\/vc_column][\/vc_row]<\/p>\n<\/div>","protected":false},"excerpt":{"rendered":"<p>[vc_row][vc_column width=&#8221;1\/2&#8243;][vc_column_text]Anv\u00e4ndning av kakor p\u00e5 webbsidor har blivit en naturlig del av internetv\u00e4rlden. Samtidigt har anv\u00e4ndning av kakor skapat en m\u00f6jlighet f\u00f6r allvarliga intr\u00e5ng i anv\u00e4ndares privata liv utan deras k\u00e4nnedom. I Europa regleras anv\u00e4ndning av kakor genom dataskyddsf\u00f6rordningen 95\/46\/EG och direktivet om integritet och elektronisk kommunikation 2002\/58\/EG. Dessutom har en arbetsgrupp best\u00e5ende av f\u00f6retr\u00e4dare [&hellip;]<\/p>\n","protected":false},"author":1,"featured_media":0,"parent":0,"menu_order":0,"comment_status":"closed","ping_status":"closed","template":"","meta":{"footnotes":""},"class_list":["post-18691","page","type-page","status-publish","hentry"],"yoast_head":"<!-- This site is optimized with the Yoast SEO plugin v26.6 - https:\/\/yoast.com\/wordpress\/plugins\/seo\/ -->\n<title>O\u00dc Nordic Plast Integritetspolicy<\/title>\n<meta name=\"description\" content=\"Nordicplast.ee lehel kasutatakse k\u00fcpsiseid, millest rohkem infot leiate k\u00e4esolevalt privaatsuspoliitika lehelt.\" \/>\n<meta name=\"robots\" content=\"index, follow, max-snippet:-1, max-image-preview:large, max-video-preview:-1\" \/>\n<link rel=\"canonical\" href=\"https:\/\/nordicplast.ee\/sv\/integritetspolicy\/\" \/>\n<meta property=\"og:locale\" content=\"sv_SE\" \/>\n<meta property=\"og:type\" content=\"article\" \/>\n<meta property=\"og:title\" content=\"O\u00dc Nordic Plast Integritetspolicy\" \/>\n<meta property=\"og:description\" content=\"Nordicplast.ee lehel kasutatakse k\u00fcpsiseid, millest rohkem infot leiate k\u00e4esolevalt privaatsuspoliitika lehelt.\" \/>\n<meta property=\"og:url\" content=\"https:\/\/nordicplast.ee\/sv\/integritetspolicy\/\" \/>\n<meta property=\"og:site_name\" content=\"Nordic Plast\" \/>\n<meta property=\"article:modified_time\" content=\"2023-08-24T11:40:38+00:00\" \/>\n<meta property=\"og:image\" content=\"https:\/\/nordicplast.ee\/wp-content\/uploads\/2021\/03\/NP_Logo_New2.png\" \/>\n\t<meta property=\"og:image:width\" content=\"3398\" \/>\n\t<meta property=\"og:image:height\" content=\"300\" \/>\n\t<meta property=\"og:image:type\" content=\"image\/png\" \/>\n<meta name=\"twitter:card\" content=\"summary_large_image\" \/>\n<meta name=\"twitter:label1\" content=\"Ber\u00e4knad l\u00e4stid\" \/>\n\t<meta name=\"twitter:data1\" content=\"6 minuter\" \/>\n<script type=\"application\/ld+json\" class=\"yoast-schema-graph\">{\"@context\":\"https:\/\/schema.org\",\"@graph\":[{\"@type\":\"WebPage\",\"@id\":\"https:\/\/nordicplast.ee\/sv\/integritetspolicy\/\",\"url\":\"https:\/\/nordicplast.ee\/sv\/integritetspolicy\/\",\"name\":\"O\u00dc Nordic Plast Integritetspolicy\",\"isPartOf\":{\"@id\":\"https:\/\/nordicplast.ee\/sv\/#website\"},\"datePublished\":\"2021-04-12T20:11:21+00:00\",\"dateModified\":\"2023-08-24T11:40:38+00:00\",\"description\":\"Nordicplast.ee lehel kasutatakse k\u00fcpsiseid, millest rohkem infot leiate k\u00e4esolevalt privaatsuspoliitika lehelt.\",\"breadcrumb\":{\"@id\":\"https:\/\/nordicplast.ee\/sv\/integritetspolicy\/#breadcrumb\"},\"inLanguage\":\"sv-SE\",\"potentialAction\":[{\"@type\":\"ReadAction\",\"target\":[\"https:\/\/nordicplast.ee\/sv\/integritetspolicy\/\"]}]},{\"@type\":\"BreadcrumbList\",\"@id\":\"https:\/\/nordicplast.ee\/sv\/integritetspolicy\/#breadcrumb\",\"itemListElement\":[{\"@type\":\"ListItem\",\"position\":1,\"name\":\"Home\",\"item\":\"https:\/\/nordicplast.ee\/sv\/startsida\/\"},{\"@type\":\"ListItem\",\"position\":2,\"name\":\"Integritetspolicy\"}]},{\"@type\":\"WebSite\",\"@id\":\"https:\/\/nordicplast.ee\/sv\/#website\",\"url\":\"https:\/\/nordicplast.ee\/sv\/\",\"name\":\"Nordic Plast\",\"description\":\"\",\"publisher\":{\"@id\":\"https:\/\/nordicplast.ee\/sv\/#organization\"},\"potentialAction\":[{\"@type\":\"SearchAction\",\"target\":{\"@type\":\"EntryPoint\",\"urlTemplate\":\"https:\/\/nordicplast.ee\/sv\/?s={search_term_string}\"},\"query-input\":{\"@type\":\"PropertyValueSpecification\",\"valueRequired\":true,\"valueName\":\"search_term_string\"}}],\"inLanguage\":\"sv-SE\"},{\"@type\":\"Organization\",\"@id\":\"https:\/\/nordicplast.ee\/sv\/#organization\",\"name\":\"O\u00dc Nordic Plast\",\"url\":\"https:\/\/nordicplast.ee\/sv\/\",\"logo\":{\"@type\":\"ImageObject\",\"inLanguage\":\"sv-SE\",\"@id\":\"https:\/\/nordicplast.ee\/sv\/#\/schema\/logo\/image\/\",\"url\":\"https:\/\/nordicplast.ee\/wp-content\/uploads\/2021\/03\/NP_Logo_New2.png\",\"contentUrl\":\"https:\/\/nordicplast.ee\/wp-content\/uploads\/2021\/03\/NP_Logo_New2.png\",\"width\":3398,\"height\":300,\"caption\":\"O\u00dc Nordic Plast\"},\"image\":{\"@id\":\"https:\/\/nordicplast.ee\/sv\/#\/schema\/logo\/image\/\"},\"sameAs\":[\"https:\/\/www.linkedin.com\/company\/nordic-plast\/\"]}]}<\/script>\n<!-- \/ Yoast SEO plugin. -->","yoast_head_json":{"title":"O\u00dc Nordic Plast Integritetspolicy","description":"Nordicplast.ee lehel kasutatakse k\u00fcpsiseid, millest rohkem infot leiate k\u00e4esolevalt privaatsuspoliitika lehelt.","robots":{"index":"index","follow":"follow","max-snippet":"max-snippet:-1","max-image-preview":"max-image-preview:large","max-video-preview":"max-video-preview:-1"},"canonical":"https:\/\/nordicplast.ee\/sv\/integritetspolicy\/","og_locale":"sv_SE","og_type":"article","og_title":"O\u00dc Nordic Plast Integritetspolicy","og_description":"Nordicplast.ee lehel kasutatakse k\u00fcpsiseid, millest rohkem infot leiate k\u00e4esolevalt privaatsuspoliitika lehelt.","og_url":"https:\/\/nordicplast.ee\/sv\/integritetspolicy\/","og_site_name":"Nordic Plast","article_modified_time":"2023-08-24T11:40:38+00:00","og_image":[{"width":3398,"height":300,"url":"https:\/\/nordicplast.ee\/wp-content\/uploads\/2021\/03\/NP_Logo_New2.png","type":"image\/png"}],"twitter_card":"summary_large_image","twitter_misc":{"Ber\u00e4knad l\u00e4stid":"6 minuter"},"schema":{"@context":"https:\/\/schema.org","@graph":[{"@type":"WebPage","@id":"https:\/\/nordicplast.ee\/sv\/integritetspolicy\/","url":"https:\/\/nordicplast.ee\/sv\/integritetspolicy\/","name":"O\u00dc Nordic Plast Integritetspolicy","isPartOf":{"@id":"https:\/\/nordicplast.ee\/sv\/#website"},"datePublished":"2021-04-12T20:11:21+00:00","dateModified":"2023-08-24T11:40:38+00:00","description":"Nordicplast.ee lehel kasutatakse k\u00fcpsiseid, millest rohkem infot leiate k\u00e4esolevalt privaatsuspoliitika lehelt.","breadcrumb":{"@id":"https:\/\/nordicplast.ee\/sv\/integritetspolicy\/#breadcrumb"},"inLanguage":"sv-SE","potentialAction":[{"@type":"ReadAction","target":["https:\/\/nordicplast.ee\/sv\/integritetspolicy\/"]}]},{"@type":"BreadcrumbList","@id":"https:\/\/nordicplast.ee\/sv\/integritetspolicy\/#breadcrumb","itemListElement":[{"@type":"ListItem","position":1,"name":"Home","item":"https:\/\/nordicplast.ee\/sv\/startsida\/"},{"@type":"ListItem","position":2,"name":"Integritetspolicy"}]},{"@type":"WebSite","@id":"https:\/\/nordicplast.ee\/sv\/#website","url":"https:\/\/nordicplast.ee\/sv\/","name":"Nordic Plast","description":"","publisher":{"@id":"https:\/\/nordicplast.ee\/sv\/#organization"},"potentialAction":[{"@type":"SearchAction","target":{"@type":"EntryPoint","urlTemplate":"https:\/\/nordicplast.ee\/sv\/?s={search_term_string}"},"query-input":{"@type":"PropertyValueSpecification","valueRequired":true,"valueName":"search_term_string"}}],"inLanguage":"sv-SE"},{"@type":"Organization","@id":"https:\/\/nordicplast.ee\/sv\/#organization","name":"O\u00dc Nordic Plast","url":"https:\/\/nordicplast.ee\/sv\/","logo":{"@type":"ImageObject","inLanguage":"sv-SE","@id":"https:\/\/nordicplast.ee\/sv\/#\/schema\/logo\/image\/","url":"https:\/\/nordicplast.ee\/wp-content\/uploads\/2021\/03\/NP_Logo_New2.png","contentUrl":"https:\/\/nordicplast.ee\/wp-content\/uploads\/2021\/03\/NP_Logo_New2.png","width":3398,"height":300,"caption":"O\u00dc Nordic Plast"},"image":{"@id":"https:\/\/nordicplast.ee\/sv\/#\/schema\/logo\/image\/"},"sameAs":["https:\/\/www.linkedin.com\/company\/nordic-plast\/"]}]}},"_links":{"self":[{"href":"https:\/\/nordicplast.ee\/sv\/wp-json\/wp\/v2\/pages\/18691","targetHints":{"allow":["GET"]}}],"collection":[{"href":"https:\/\/nordicplast.ee\/sv\/wp-json\/wp\/v2\/pages"}],"about":[{"href":"https:\/\/nordicplast.ee\/sv\/wp-json\/wp\/v2\/types\/page"}],"author":[{"embeddable":true,"href":"https:\/\/nordicplast.ee\/sv\/wp-json\/wp\/v2\/users\/1"}],"replies":[{"embeddable":true,"href":"https:\/\/nordicplast.ee\/sv\/wp-json\/wp\/v2\/comments?post=18691"}],"version-history":[{"count":9,"href":"https:\/\/nordicplast.ee\/sv\/wp-json\/wp\/v2\/pages\/18691\/revisions"}],"predecessor-version":[{"id":20245,"href":"https:\/\/nordicplast.ee\/sv\/wp-json\/wp\/v2\/pages\/18691\/revisions\/20245"}],"wp:attachment":[{"href":"https:\/\/nordicplast.ee\/sv\/wp-json\/wp\/v2\/media?parent=18691"}],"curies":[{"name":"wp","href":"https:\/\/api.w.org\/{rel}","templated":true}]}}